{"id":4685,"date":"2025-10-17T14:37:45","date_gmt":"2025-10-17T12:37:45","guid":{"rendered":"https:\/\/pathotec.ch\/produkt\/cd4-antibody\/"},"modified":"2026-01-20T10:37:44","modified_gmt":"2026-01-20T09:37:44","slug":"cd4-antibody","status":"publish","type":"product","link":"https:\/\/pathotec.ch\/fr\/produkt\/cd4-antibody\/","title":{"rendered":"CD4 ANTIBODY"},"excerpt":{"rendered":"<p>CD4 est une glycoprot\u00e9ine de 55 kD exprim\u00e9e \u00e0 la surface des cellules T auxiliaires\/r\u00e9gulatrices, des monocytes, des macrophages et de certaines cellules dendritiques. La majorit\u00e9 des lymphomes \u00e0 cellules T p\u00e9riph\u00e9riques proviennent du sous-groupe de cellules T auxiliaires\/r\u00e9gulatrices, de sorte que la plupart des n\u00e9oplasmes \u00e0 cellules T matures sont CD4+. Les anti-CD4 sont utilis\u00e9s pour identifier les lymphocytes T normaux et pour aider \u00e0 identifier les n\u00e9oplasies d&rsquo;origine lymphocytaire T. Les anti-CD4 sont utilis\u00e9s pour identifier les lymphocytes T normaux.  <\/p>\n","protected":false},"featured_media":4445,"comment_status":"closed","ping_status":"closed","template":"","meta":{"_acf_changed":false},"product_brand":[],"product_cat":[113,420,148],"product_tag":[460,587,586],"class_list":{"0":"post-4685","1":"product","2":"type-product","3":"status-publish","4":"has-post-thumbnail","6":"product_cat-consommables","7":"product_cat-antibody","8":"product_cat-immunohistochimie-fr","9":"product_tag-antibody","10":"product_tag-cd4","11":"product_tag-cd4-antibody","13":"first","14":"instock","15":"shipping-taxable","16":"product-type-simple"},"acf":[],"_links":{"self":[{"href":"https:\/\/pathotec.ch\/fr\/wp-json\/wp\/v2\/product\/4685","targetHints":{"allow":["GET"]}}],"collection":[{"href":"https:\/\/pathotec.ch\/fr\/wp-json\/wp\/v2\/product"}],"about":[{"href":"https:\/\/pathotec.ch\/fr\/wp-json\/wp\/v2\/types\/product"}],"replies":[{"embeddable":true,"href":"https:\/\/pathotec.ch\/fr\/wp-json\/wp\/v2\/comments?post=4685"}],"wp:featuredmedia":[{"embeddable":true,"href":"https:\/\/pathotec.ch\/fr\/wp-json\/wp\/v2\/media\/4445"}],"wp:attachment":[{"href":"https:\/\/pathotec.ch\/fr\/wp-json\/wp\/v2\/media?parent=4685"}],"wp:term":[{"taxonomy":"product_brand","embeddable":true,"href":"https:\/\/pathotec.ch\/fr\/wp-json\/wp\/v2\/product_brand?post=4685"},{"taxonomy":"product_cat","embeddable":true,"href":"https:\/\/pathotec.ch\/fr\/wp-json\/wp\/v2\/product_cat?post=4685"},{"taxonomy":"product_tag","embeddable":true,"href":"https:\/\/pathotec.ch\/fr\/wp-json\/wp\/v2\/product_tag?post=4685"}],"curies":[{"name":"wp","href":"https:\/\/api.w.org\/{rel}","templated":true}]}}