{"id":4683,"date":"2025-10-17T15:04:12","date_gmt":"2025-10-17T13:04:12","guid":{"rendered":"https:\/\/pathotec.ch\/produkt\/cd20-antibody\/"},"modified":"2026-01-20T10:37:30","modified_gmt":"2026-01-20T09:37:30","slug":"cd20-antibody","status":"publish","type":"product","link":"https:\/\/pathotec.ch\/fr\/produkt\/cd20-antibody\/","title":{"rendered":"CD20 ANTIBODY"},"excerpt":{"rendered":"<p>Le CD20 est une prot\u00e9ine transmembranaire pr\u00e9sente dans les pr\u00e9curseurs tardifs des cellules B et les cellules B matures, qui joue un r\u00f4le dans la r\u00e9gulation de la prolif\u00e9ration et de la diff\u00e9renciation. L&rsquo;expression de CD20 est perdue au stade de la diff\u00e9renciation des plasmocytes. L&rsquo;anti-CD20 (cellule Pan-B) a rarement \u00e9t\u00e9 d\u00e9tect\u00e9 dans les malignit\u00e9s des cellules T et est un marqueur fiable des lymphomes \u00e0 cellules B tels que le DLBCL. L&rsquo;expression de CD20 est pr\u00e9sente dans certains thymomes.   <\/p>\n","protected":false},"featured_media":4457,"comment_status":"closed","ping_status":"closed","template":"","meta":{"_acf_changed":false},"product_brand":[],"product_cat":[113,420,148],"product_tag":[460,582,583],"class_list":{"0":"post-4683","1":"product","2":"type-product","3":"status-publish","4":"has-post-thumbnail","6":"product_cat-consommables","7":"product_cat-antibody","8":"product_cat-immunohistochimie-fr","9":"product_tag-antibody","10":"product_tag-antibody-cd20","11":"product_tag-cd20","13":"first","14":"instock","15":"shipping-taxable","16":"product-type-simple"},"acf":[],"_links":{"self":[{"href":"https:\/\/pathotec.ch\/fr\/wp-json\/wp\/v2\/product\/4683","targetHints":{"allow":["GET"]}}],"collection":[{"href":"https:\/\/pathotec.ch\/fr\/wp-json\/wp\/v2\/product"}],"about":[{"href":"https:\/\/pathotec.ch\/fr\/wp-json\/wp\/v2\/types\/product"}],"replies":[{"embeddable":true,"href":"https:\/\/pathotec.ch\/fr\/wp-json\/wp\/v2\/comments?post=4683"}],"wp:featuredmedia":[{"embeddable":true,"href":"https:\/\/pathotec.ch\/fr\/wp-json\/wp\/v2\/media\/4457"}],"wp:attachment":[{"href":"https:\/\/pathotec.ch\/fr\/wp-json\/wp\/v2\/media?parent=4683"}],"wp:term":[{"taxonomy":"product_brand","embeddable":true,"href":"https:\/\/pathotec.ch\/fr\/wp-json\/wp\/v2\/product_brand?post=4683"},{"taxonomy":"product_cat","embeddable":true,"href":"https:\/\/pathotec.ch\/fr\/wp-json\/wp\/v2\/product_cat?post=4683"},{"taxonomy":"product_tag","embeddable":true,"href":"https:\/\/pathotec.ch\/fr\/wp-json\/wp\/v2\/product_tag?post=4683"}],"curies":[{"name":"wp","href":"https:\/\/api.w.org\/{rel}","templated":true}]}}