{"id":4676,"date":"2025-10-17T15:28:08","date_gmt":"2025-10-17T13:28:08","guid":{"rendered":"https:\/\/pathotec.ch\/produkt\/cd138-antibody\/"},"modified":"2025-10-17T15:28:08","modified_gmt":"2025-10-17T13:28:08","slug":"cd138-antibody","status":"publish","type":"product","link":"https:\/\/pathotec.ch\/fr\/produkt\/cd138-antibody\/","title":{"rendered":"CD138 ANTIBODY"},"excerpt":{"rendered":"<p>CD138 est un prot\u00e9oglycane h\u00e9parane sulfate transmembranaire pr\u00e9sent principalement dans une grande vari\u00e9t\u00e9 de tissus \u00e9pith\u00e9liaux et impliqu\u00e9 dans la prolif\u00e9ration cellulaire, la migration cellulaire, la communication intercellulaire et les interactions cellule-matrice. Dans les tissus lymphatiques, CD138 est exprim\u00e9 dans les stades tardifs de la diff\u00e9renciation des cellules B avec la progression vers les plasmocytes. L&rsquo;anti-CD138 est un bon marqueur pour l&rsquo;identification s\u00e9lective des plasmocytes, b\u00e9nins ou malins, dans les tissus lymphatiques. CD138 est \u00e9galement exprim\u00e9 dans une grande vari\u00e9t\u00e9 de cellules \u00e9pith\u00e9liales.   <\/p>\n","protected":false},"featured_media":4470,"comment_status":"closed","ping_status":"closed","template":"","meta":{"_acf_changed":false},"product_brand":[],"product_cat":[113,420,148],"product_tag":[460,568,569],"class_list":{"0":"post-4676","1":"product","2":"type-product","3":"status-publish","4":"has-post-thumbnail","6":"product_cat-consommables","7":"product_cat-antibody","8":"product_cat-immunohistochimie-fr","9":"product_tag-antibody","10":"product_tag-antibody-cd138","11":"product_tag-cd138","13":"first","14":"instock","15":"shipping-taxable","16":"product-type-simple"},"acf":[],"_links":{"self":[{"href":"https:\/\/pathotec.ch\/fr\/wp-json\/wp\/v2\/product\/4676","targetHints":{"allow":["GET"]}}],"collection":[{"href":"https:\/\/pathotec.ch\/fr\/wp-json\/wp\/v2\/product"}],"about":[{"href":"https:\/\/pathotec.ch\/fr\/wp-json\/wp\/v2\/types\/product"}],"replies":[{"embeddable":true,"href":"https:\/\/pathotec.ch\/fr\/wp-json\/wp\/v2\/comments?post=4676"}],"wp:featuredmedia":[{"embeddable":true,"href":"https:\/\/pathotec.ch\/fr\/wp-json\/wp\/v2\/media\/4470"}],"wp:attachment":[{"href":"https:\/\/pathotec.ch\/fr\/wp-json\/wp\/v2\/media?parent=4676"}],"wp:term":[{"taxonomy":"product_brand","embeddable":true,"href":"https:\/\/pathotec.ch\/fr\/wp-json\/wp\/v2\/product_brand?post=4676"},{"taxonomy":"product_cat","embeddable":true,"href":"https:\/\/pathotec.ch\/fr\/wp-json\/wp\/v2\/product_cat?post=4676"},{"taxonomy":"product_tag","embeddable":true,"href":"https:\/\/pathotec.ch\/fr\/wp-json\/wp\/v2\/product_tag?post=4676"}],"curies":[{"name":"wp","href":"https:\/\/api.w.org\/{rel}","templated":true}]}}