{"id":4674,"date":"2025-10-17T15:09:40","date_gmt":"2025-10-17T13:09:40","guid":{"rendered":"https:\/\/pathotec.ch\/produkt\/cd23-antibody\/"},"modified":"2025-10-17T15:09:40","modified_gmt":"2025-10-17T13:09:40","slug":"cd23-antibody","status":"publish","type":"product","link":"https:\/\/pathotec.ch\/fr\/produkt\/cd23-antibody\/","title":{"rendered":"CD23 ANTIBODY"},"excerpt":{"rendered":"<p>L&rsquo;antig\u00e8ne CD23 est une glycoprot\u00e9ine membranaire de 45-60 kDa qui a \u00e9t\u00e9 identifi\u00e9e comme r\u00e9cepteur de faible affinit\u00e9 pour la production d&rsquo;IgE et comme r\u00e9cepteur du facteur de croissance des lymphocytes. Le CD23 est pr\u00e9sent dans certains lymphomes \u00e0 cellules B matures et dans les cellules de Reed-Sternberg dans la maladie de Hodgkin. Les cellules dendritiques folliculaires et certaines cellules B activ\u00e9es dans les centres germinaux expriment le CD23 dans les cellules B \u00e0 haute densit\u00e9 et la zone du manteau sont faiblement color\u00e9es. La majorit\u00e9 des leuc\u00e9mies lympho\u00efdes chroniques \/ petits lymphomes lymphatiques sont CD23 positifs, tandis que les lymphomes \u00e0 cellules du manteau sont g\u00e9n\u00e9ralement n\u00e9gatifs, de sorte que ce marqueur est utile lorsqu&rsquo;il est utilis\u00e9 avec d&rsquo;autres marqueurs pour s\u00e9parer les lymphomes \u00e0 petites cellules. Les lymphomes B et T pr\u00e9curseurs, les n\u00e9oplasmes my\u00e9lo\u00efdes et les lymphomes \u00e0 cellules T matures sont n\u00e9gatifs pour le CD23 et d&rsquo;autres lymphomes \u00e0 petites cellules sont occasionnellement positifs. Le CD23 est \u00e9galement positif sur les cellules B matures activ\u00e9es exprimant des IgM ou des IgD, les monocytes\/macrophages, les cellules dendritiques folliculaires, les sous-groupes de cellules T, les \u00e9osinophiles, les cellules de Langerhans et les lymphomes lympho\u00efdes mineurs\/leuc\u00e9mie lympho\u00efde chronique (SLL\/CLL).     <\/p>\n","protected":false},"featured_media":4461,"comment_status":"closed","ping_status":"closed","template":"","meta":{"_acf_changed":false},"product_brand":[],"product_cat":[113,420,148],"product_tag":[460,565,564],"class_list":{"0":"post-4674","1":"product","2":"type-product","3":"status-publish","4":"has-post-thumbnail","6":"product_cat-consommables","7":"product_cat-antibody","8":"product_cat-immunohistochimie-fr","9":"product_tag-antibody","10":"product_tag-cd23","11":"product_tag-cd23-antibody","13":"first","14":"instock","15":"shipping-taxable","16":"product-type-simple"},"acf":[],"_links":{"self":[{"href":"https:\/\/pathotec.ch\/fr\/wp-json\/wp\/v2\/product\/4674","targetHints":{"allow":["GET"]}}],"collection":[{"href":"https:\/\/pathotec.ch\/fr\/wp-json\/wp\/v2\/product"}],"about":[{"href":"https:\/\/pathotec.ch\/fr\/wp-json\/wp\/v2\/types\/product"}],"replies":[{"embeddable":true,"href":"https:\/\/pathotec.ch\/fr\/wp-json\/wp\/v2\/comments?post=4674"}],"wp:featuredmedia":[{"embeddable":true,"href":"https:\/\/pathotec.ch\/fr\/wp-json\/wp\/v2\/media\/4461"}],"wp:attachment":[{"href":"https:\/\/pathotec.ch\/fr\/wp-json\/wp\/v2\/media?parent=4674"}],"wp:term":[{"taxonomy":"product_brand","embeddable":true,"href":"https:\/\/pathotec.ch\/fr\/wp-json\/wp\/v2\/product_brand?post=4674"},{"taxonomy":"product_cat","embeddable":true,"href":"https:\/\/pathotec.ch\/fr\/wp-json\/wp\/v2\/product_cat?post=4674"},{"taxonomy":"product_tag","embeddable":true,"href":"https:\/\/pathotec.ch\/fr\/wp-json\/wp\/v2\/product_tag?post=4674"}],"curies":[{"name":"wp","href":"https:\/\/api.w.org\/{rel}","templated":true}]}}