{"id":4667,"date":"2025-10-18T15:29:10","date_gmt":"2025-10-18T13:29:10","guid":{"rendered":"https:\/\/pathotec.ch\/produkt\/cd21-antibody\/"},"modified":"2025-10-18T15:29:10","modified_gmt":"2025-10-18T13:29:10","slug":"cd21-antibody","status":"publish","type":"product","link":"https:\/\/pathotec.ch\/fr\/produkt\/cd21-antibody\/","title":{"rendered":"CD21 ANTIBODY"},"excerpt":{"rendered":"<p>CD21, \u00e9galement connu sous le nom de r\u00e9cepteur du compl\u00e9ment 2, r\u00e9cepteur C3d ou r\u00e9cepteur du virus Epstein-Barr (EBV), est une prot\u00e9ine membranaire de 140 kD sur les lymphocytes B \u00e0 laquelle l&rsquo;EBV se lie pendant l&rsquo;infection de ces cellules. CD21 est principalement exprim\u00e9 sur les cellules dendritiques folliculaires et les lymphocytes B matures pr\u00e9sents dans les tissus normaux des ganglions lymphatiques et des amygdales, et est absent des lymphocytes T, des monocytes et des granulocytes. L&rsquo;anti-CD21 est utile pour identifier le squelette des cellules dendritiques folliculaires dans diff\u00e9rents lymphomes, notamment les lymphomes folliculaires, et est \u00e9galement exprim\u00e9 dans les tumeurs d&rsquo;origine dendritique comme le sarcome \u00e0 cellules dendritiques folliculaires.  <\/p>\n","protected":false},"featured_media":4510,"comment_status":"closed","ping_status":"closed","template":"","meta":{"_acf_changed":false},"product_brand":[],"product_cat":[113,420,148],"product_tag":[460,555,554],"class_list":{"0":"post-4667","1":"product","2":"type-product","3":"status-publish","4":"has-post-thumbnail","6":"product_cat-consommables","7":"product_cat-antibody","8":"product_cat-immunohistochimie-fr","9":"product_tag-antibody","10":"product_tag-cd21","11":"product_tag-cd21-antibody","13":"first","14":"instock","15":"shipping-taxable","16":"product-type-simple"},"acf":[],"_links":{"self":[{"href":"https:\/\/pathotec.ch\/fr\/wp-json\/wp\/v2\/product\/4667","targetHints":{"allow":["GET"]}}],"collection":[{"href":"https:\/\/pathotec.ch\/fr\/wp-json\/wp\/v2\/product"}],"about":[{"href":"https:\/\/pathotec.ch\/fr\/wp-json\/wp\/v2\/types\/product"}],"replies":[{"embeddable":true,"href":"https:\/\/pathotec.ch\/fr\/wp-json\/wp\/v2\/comments?post=4667"}],"wp:featuredmedia":[{"embeddable":true,"href":"https:\/\/pathotec.ch\/fr\/wp-json\/wp\/v2\/media\/4510"}],"wp:attachment":[{"href":"https:\/\/pathotec.ch\/fr\/wp-json\/wp\/v2\/media?parent=4667"}],"wp:term":[{"taxonomy":"product_brand","embeddable":true,"href":"https:\/\/pathotec.ch\/fr\/wp-json\/wp\/v2\/product_brand?post=4667"},{"taxonomy":"product_cat","embeddable":true,"href":"https:\/\/pathotec.ch\/fr\/wp-json\/wp\/v2\/product_cat?post=4667"},{"taxonomy":"product_tag","embeddable":true,"href":"https:\/\/pathotec.ch\/fr\/wp-json\/wp\/v2\/product_tag?post=4667"}],"curies":[{"name":"wp","href":"https:\/\/api.w.org\/{rel}","templated":true}]}}