{"id":4666,"date":"2025-10-18T15:35:06","date_gmt":"2025-10-18T13:35:06","guid":{"rendered":"https:\/\/pathotec.ch\/produkt\/cd10-antibody\/"},"modified":"2025-10-18T15:35:06","modified_gmt":"2025-10-18T13:35:06","slug":"cd10-antibody","status":"publish","type":"product","link":"https:\/\/pathotec.ch\/fr\/produkt\/cd10-antibody\/","title":{"rendered":"CD10 ANTIBODY"},"excerpt":{"rendered":"<p>CD10, un antig\u00e8ne commun de la leuc\u00e9mie lymphoblastique aigu\u00eb, est exprim\u00e9 par un sous-groupe de cellules T helper folliculaires. CD10 joue un r\u00f4le direct dans la croissance cellulaire et l&rsquo;apoptose et est li\u00e9 \u00e0 la prolif\u00e9ration des cellules tumorales. L&rsquo;expression de CD10 a \u00e9t\u00e9 observ\u00e9e dans une grande vari\u00e9t\u00e9 de tissus, y compris les carcinomes des cellules r\u00e9nales, les carcinomes h\u00e9patocellulaires et les lymphomes folliculaires.  <\/p>\n","protected":false},"featured_media":4514,"comment_status":"closed","ping_status":"closed","template":"","meta":{"_acf_changed":false},"product_brand":[],"product_cat":[113,420,148],"product_tag":[460,553,552],"class_list":{"0":"post-4666","1":"product","2":"type-product","3":"status-publish","4":"has-post-thumbnail","6":"product_cat-consommables","7":"product_cat-antibody","8":"product_cat-immunohistochimie-fr","9":"product_tag-antibody","10":"product_tag-cd10","11":"product_tag-cd10-antibody","13":"first","14":"instock","15":"shipping-taxable","16":"product-type-simple"},"acf":[],"_links":{"self":[{"href":"https:\/\/pathotec.ch\/fr\/wp-json\/wp\/v2\/product\/4666","targetHints":{"allow":["GET"]}}],"collection":[{"href":"https:\/\/pathotec.ch\/fr\/wp-json\/wp\/v2\/product"}],"about":[{"href":"https:\/\/pathotec.ch\/fr\/wp-json\/wp\/v2\/types\/product"}],"replies":[{"embeddable":true,"href":"https:\/\/pathotec.ch\/fr\/wp-json\/wp\/v2\/comments?post=4666"}],"wp:featuredmedia":[{"embeddable":true,"href":"https:\/\/pathotec.ch\/fr\/wp-json\/wp\/v2\/media\/4514"}],"wp:attachment":[{"href":"https:\/\/pathotec.ch\/fr\/wp-json\/wp\/v2\/media?parent=4666"}],"wp:term":[{"taxonomy":"product_brand","embeddable":true,"href":"https:\/\/pathotec.ch\/fr\/wp-json\/wp\/v2\/product_brand?post=4666"},{"taxonomy":"product_cat","embeddable":true,"href":"https:\/\/pathotec.ch\/fr\/wp-json\/wp\/v2\/product_cat?post=4666"},{"taxonomy":"product_tag","embeddable":true,"href":"https:\/\/pathotec.ch\/fr\/wp-json\/wp\/v2\/product_tag?post=4666"}],"curies":[{"name":"wp","href":"https:\/\/api.w.org\/{rel}","templated":true}]}}