{"id":4662,"date":"2025-10-18T16:02:29","date_gmt":"2025-10-18T14:02:29","guid":{"rendered":"https:\/\/pathotec.ch\/produkt\/anticorps-cytokeratine-20\/"},"modified":"2025-10-18T16:02:29","modified_gmt":"2025-10-18T14:02:29","slug":"anticorps-cytokeratine-20","status":"publish","type":"product","link":"https:\/\/pathotec.ch\/fr\/produkt\/anticorps-cytokeratine-20\/","title":{"rendered":"ANTICORPS CYTOK\u00c9RATINE 20"},"excerpt":{"rendered":"<p>La cytok\u00e9ratine 20 est une prot\u00e9ine de filament interm\u00e9diaire de 46 kDa qui r\u00e9agit principalement avec l&rsquo;\u00e9pith\u00e9lium gastrique et intestinal, l&rsquo;uroth\u00e9lium et les cellules de Merkel. L&rsquo;anti-cytok\u00e9ratine 20 est utile pour identifier des types sp\u00e9cifiques de ces cellules \u00e9pith\u00e9liales dans des conditions normales, hyperplasiques et n\u00e9oplasiques. La cytok\u00e9ratine 20 a \u00e9t\u00e9 d\u00e9tect\u00e9e dans diff\u00e9rents ad\u00e9nocarcinomes, y compris ceux du c\u00f4lon et de l&rsquo;estomac. Les carcinomes \u00e0 cellules de Merkel ont montr\u00e9 une r\u00e9activit\u00e9. En revanche, les carcinomes du sein ne sont g\u00e9n\u00e9ralement pas r\u00e9actifs.    <\/p>\n","protected":false},"featured_media":4532,"comment_status":"closed","ping_status":"closed","template":"","meta":{"_acf_changed":false},"product_brand":[],"product_cat":[113,420,148],"product_tag":[460,538,536,539],"class_list":{"0":"post-4662","1":"product","2":"type-product","3":"status-publish","4":"has-post-thumbnail","6":"product_cat-consommables","7":"product_cat-antibody","8":"product_cat-immunohistochimie-fr","9":"product_tag-antibody","10":"product_tag-antibody-de-cytokeratine-20","11":"product_tag-cytokeratine","12":"product_tag-cytokeratine-20","14":"first","15":"instock","16":"taxable","17":"shipping-taxable","18":"product-type-simple"},"acf":[],"_links":{"self":[{"href":"https:\/\/pathotec.ch\/fr\/wp-json\/wp\/v2\/product\/4662","targetHints":{"allow":["GET"]}}],"collection":[{"href":"https:\/\/pathotec.ch\/fr\/wp-json\/wp\/v2\/product"}],"about":[{"href":"https:\/\/pathotec.ch\/fr\/wp-json\/wp\/v2\/types\/product"}],"replies":[{"embeddable":true,"href":"https:\/\/pathotec.ch\/fr\/wp-json\/wp\/v2\/comments?post=4662"}],"wp:featuredmedia":[{"embeddable":true,"href":"https:\/\/pathotec.ch\/fr\/wp-json\/wp\/v2\/media\/4532"}],"wp:attachment":[{"href":"https:\/\/pathotec.ch\/fr\/wp-json\/wp\/v2\/media?parent=4662"}],"wp:term":[{"taxonomy":"product_brand","embeddable":true,"href":"https:\/\/pathotec.ch\/fr\/wp-json\/wp\/v2\/product_brand?post=4662"},{"taxonomy":"product_cat","embeddable":true,"href":"https:\/\/pathotec.ch\/fr\/wp-json\/wp\/v2\/product_cat?post=4662"},{"taxonomy":"product_tag","embeddable":true,"href":"https:\/\/pathotec.ch\/fr\/wp-json\/wp\/v2\/product_tag?post=4662"}],"curies":[{"name":"wp","href":"https:\/\/api.w.org\/{rel}","templated":true}]}}