{"id":4648,"date":"2026-01-16T15:33:45","date_gmt":"2026-01-16T14:33:45","guid":{"rendered":"https:\/\/pathotec.ch\/produkt\/tissue-filling-easy\/"},"modified":"2026-01-20T10:33:34","modified_gmt":"2026-01-20T09:33:34","slug":"tissue-filling-easy","status":"publish","type":"product","link":"https:\/\/pathotec.ch\/fr\/produkt\/tissue-filling-easy\/","title":{"rendered":"TISSUE FILLING EASY"},"excerpt":{"rendered":"<p><strong data-start=\"0\" data-end=\"23\" data-is-only-node=\"\">Tissue Filling Easy<\/strong> offre une s\u00e9curit\u00e9 maximale gr\u00e2ce \u00e0 un syst\u00e8me ferm\u00e9 et filtr\u00e9 sans contact direct avec le formol et est certifi\u00e9 pour une utilisation en dehors d&rsquo;une hotte.<br data-start=\"185\" data-end=\"188\">Il permet en m\u00eame temps un flux de travail efficace et standardis\u00e9 avec un remplissage automatis\u00e9, un \u00e9tiquetage int\u00e9gr\u00e9 incluant un code-barres ainsi qu&rsquo;une utilisation intuitive et une connexion LIS &#8211; id\u00e9al pour les blocs op\u00e9ratoires et la pathologie. <\/p>\n","protected":false},"featured_media":4649,"comment_status":"closed","ping_status":"closed","template":"","meta":{"_acf_changed":false},"product_brand":[],"product_cat":[87,89],"product_tag":[523,520,521,522],"class_list":{"0":"post-4648","1":"product","2":"type-product","3":"status-publish","4":"has-post-thumbnail","6":"product_cat-equipment-fr","7":"product_cat-reception-dechantillons-macroscopie","8":"product_tag-distributeur-de-formulaires","9":"product_tag-formaline","10":"product_tag-systeme-de-remplissage-de-tissu","11":"product_tag-tissu","13":"first","14":"instock","15":"taxable","16":"shipping-taxable","17":"product-type-simple"},"acf":[],"_links":{"self":[{"href":"https:\/\/pathotec.ch\/fr\/wp-json\/wp\/v2\/product\/4648","targetHints":{"allow":["GET"]}}],"collection":[{"href":"https:\/\/pathotec.ch\/fr\/wp-json\/wp\/v2\/product"}],"about":[{"href":"https:\/\/pathotec.ch\/fr\/wp-json\/wp\/v2\/types\/product"}],"replies":[{"embeddable":true,"href":"https:\/\/pathotec.ch\/fr\/wp-json\/wp\/v2\/comments?post=4648"}],"wp:featuredmedia":[{"embeddable":true,"href":"https:\/\/pathotec.ch\/fr\/wp-json\/wp\/v2\/media\/4649"}],"wp:attachment":[{"href":"https:\/\/pathotec.ch\/fr\/wp-json\/wp\/v2\/media?parent=4648"}],"wp:term":[{"taxonomy":"product_brand","embeddable":true,"href":"https:\/\/pathotec.ch\/fr\/wp-json\/wp\/v2\/product_brand?post=4648"},{"taxonomy":"product_cat","embeddable":true,"href":"https:\/\/pathotec.ch\/fr\/wp-json\/wp\/v2\/product_cat?post=4648"},{"taxonomy":"product_tag","embeddable":true,"href":"https:\/\/pathotec.ch\/fr\/wp-json\/wp\/v2\/product_tag?post=4648"}],"curies":[{"name":"wp","href":"https:\/\/api.w.org\/{rel}","templated":true}]}}