{"id":4636,"date":"2025-10-17T16:05:03","date_gmt":"2025-10-17T14:05:03","guid":{"rendered":"https:\/\/pathotec.ch\/produkt\/p53-antibody\/"},"modified":"2025-10-17T16:05:03","modified_gmt":"2025-10-17T14:05:03","slug":"p53-antibody","status":"publish","type":"product","link":"https:\/\/pathotec.ch\/fr\/produkt\/p53-antibody\/","title":{"rendered":"P53 ANTIBODY"},"excerpt":{"rendered":"<p>L&rsquo;anticorps dirig\u00e9 contre la prot\u00e9ine suppresseur de tumeur p53 reconna\u00eet une phosphoprot\u00e9ine de 53 kDa, identifi\u00e9e comme produit du g\u00e8ne suppresseur de p53. Il r\u00e9agit \u00e0 la fois avec la forme p53 mut\u00e9e et la forme p53 sauvage. Une coloration nucl\u00e9aire positive avec cet anticorps a \u00e9t\u00e9 d\u00e9montr\u00e9e comme facteur dans le cancer du sein, le cancer du poumon, le cancer colorectal, le cancer uroth\u00e9lial et l&rsquo;\u00e9pendymome. La positivit\u00e9 de l&rsquo;anti-p53 a \u00e9galement \u00e9t\u00e9 utilis\u00e9e pour distinguer les cancers s\u00e9reux de l&rsquo;ut\u00e9rus des cancers endom\u00e9trio\u00efdes et comme marqueur des tumeurs germinales intratubulaires.   <\/p>\n","protected":false},"featured_media":4487,"comment_status":"closed","ping_status":"closed","template":"","meta":{"_acf_changed":false},"product_brand":[],"product_cat":[113,420,148],"product_tag":[460,492,493],"class_list":{"0":"post-4636","1":"product","2":"type-product","3":"status-publish","4":"has-post-thumbnail","6":"product_cat-consommables","7":"product_cat-antibody","8":"product_cat-immunohistochimie-fr","9":"product_tag-antibody","10":"product_tag-antibody-p53","11":"product_tag-p53","13":"first","14":"instock","15":"shipping-taxable","16":"product-type-simple"},"acf":[],"_links":{"self":[{"href":"https:\/\/pathotec.ch\/fr\/wp-json\/wp\/v2\/product\/4636","targetHints":{"allow":["GET"]}}],"collection":[{"href":"https:\/\/pathotec.ch\/fr\/wp-json\/wp\/v2\/product"}],"about":[{"href":"https:\/\/pathotec.ch\/fr\/wp-json\/wp\/v2\/types\/product"}],"replies":[{"embeddable":true,"href":"https:\/\/pathotec.ch\/fr\/wp-json\/wp\/v2\/comments?post=4636"}],"wp:featuredmedia":[{"embeddable":true,"href":"https:\/\/pathotec.ch\/fr\/wp-json\/wp\/v2\/media\/4487"}],"wp:attachment":[{"href":"https:\/\/pathotec.ch\/fr\/wp-json\/wp\/v2\/media?parent=4636"}],"wp:term":[{"taxonomy":"product_brand","embeddable":true,"href":"https:\/\/pathotec.ch\/fr\/wp-json\/wp\/v2\/product_brand?post=4636"},{"taxonomy":"product_cat","embeddable":true,"href":"https:\/\/pathotec.ch\/fr\/wp-json\/wp\/v2\/product_cat?post=4636"},{"taxonomy":"product_tag","embeddable":true,"href":"https:\/\/pathotec.ch\/fr\/wp-json\/wp\/v2\/product_tag?post=4636"}],"curies":[{"name":"wp","href":"https:\/\/api.w.org\/{rel}","templated":true}]}}