{"id":4635,"date":"2025-10-17T15:43:23","date_gmt":"2025-10-17T13:43:23","guid":{"rendered":"https:\/\/pathotec.ch\/produkt\/cd68-antibody\/"},"modified":"2025-10-17T15:43:23","modified_gmt":"2025-10-17T13:43:23","slug":"cd68-antibody","status":"publish","type":"product","link":"https:\/\/pathotec.ch\/fr\/produkt\/cd68-antibody\/","title":{"rendered":"CD68 ANTIBODY"},"excerpt":{"rendered":"<p>L&rsquo;anti-CD68 marque les cellules de la lign\u00e9e monocytes\/macrophages. Cet anticorps est capable de colorer les monocytes, les cellules de Kupffer, les ost\u00e9oclastes, les granulocytes et leurs pr\u00e9curseurs ; les lymphomes sont n\u00e9gatifs ou pr\u00e9sentent peu de granules. Cet anticorps peut \u00eatre utile pour identifier les tumeurs my\u00e9lomonocytaires et histiocytaires. Comme il reconna\u00eet un \u00e9pitope r\u00e9sistant au formol, potentiellement associ\u00e9 \u00e0 des granules lysosomales, il peut \u00e9galement colorer d&rsquo;autres cellules riches en lysosomes. Il est souvent test\u00e9 avec l&rsquo;AACT et le lysozyme afin d&rsquo;am\u00e9liorer la pr\u00e9cision du diagnostic.    <\/p>\n","protected":false},"featured_media":4478,"comment_status":"closed","ping_status":"closed","template":"","meta":{"_acf_changed":false},"product_brand":[],"product_cat":[113,420,148],"product_tag":[460,491,490],"class_list":{"0":"post-4635","1":"product","2":"type-product","3":"status-publish","4":"has-post-thumbnail","6":"product_cat-consommables","7":"product_cat-antibody","8":"product_cat-immunohistochimie-fr","9":"product_tag-antibody","10":"product_tag-cd68","11":"product_tag-cd68-antibody","13":"first","14":"instock","15":"shipping-taxable","16":"product-type-simple"},"acf":[],"_links":{"self":[{"href":"https:\/\/pathotec.ch\/fr\/wp-json\/wp\/v2\/product\/4635","targetHints":{"allow":["GET"]}}],"collection":[{"href":"https:\/\/pathotec.ch\/fr\/wp-json\/wp\/v2\/product"}],"about":[{"href":"https:\/\/pathotec.ch\/fr\/wp-json\/wp\/v2\/types\/product"}],"replies":[{"embeddable":true,"href":"https:\/\/pathotec.ch\/fr\/wp-json\/wp\/v2\/comments?post=4635"}],"wp:featuredmedia":[{"embeddable":true,"href":"https:\/\/pathotec.ch\/fr\/wp-json\/wp\/v2\/media\/4478"}],"wp:attachment":[{"href":"https:\/\/pathotec.ch\/fr\/wp-json\/wp\/v2\/media?parent=4635"}],"wp:term":[{"taxonomy":"product_brand","embeddable":true,"href":"https:\/\/pathotec.ch\/fr\/wp-json\/wp\/v2\/product_brand?post=4635"},{"taxonomy":"product_cat","embeddable":true,"href":"https:\/\/pathotec.ch\/fr\/wp-json\/wp\/v2\/product_cat?post=4635"},{"taxonomy":"product_tag","embeddable":true,"href":"https:\/\/pathotec.ch\/fr\/wp-json\/wp\/v2\/product_tag?post=4635"}],"curies":[{"name":"wp","href":"https:\/\/api.w.org\/{rel}","templated":true}]}}