{"id":4634,"date":"2025-10-18T14:42:14","date_gmt":"2025-10-18T12:42:14","guid":{"rendered":"https:\/\/pathotec.ch\/produkt\/pax-5-antibody\/"},"modified":"2025-10-18T14:42:14","modified_gmt":"2025-10-18T12:42:14","slug":"pax-5-antibody","status":"publish","type":"product","link":"https:\/\/pathotec.ch\/fr\/produkt\/pax-5-antibody\/","title":{"rendered":"PAX-5 ANTIBODY"},"excerpt":{"rendered":"<p>PAX-5 code pour la prot\u00e9ine activatrice sp\u00e9cifique des cellules B (BSAP), un marqueur des cellules B, y compris des n\u00e9oplasies lymphoblastiques B et des stades de maturation. Elle est pr\u00e9sente dans la plupart des cas de lymphomes\/leuc\u00e9mies non hodgkiniens \u00e0 cellules B matures et pr\u00e9curseurs. Dans environ 97 % des cas de lymphome hodgkinien classique, les cellules de Reed Sternberg expriment PAX-5.4 PAX-5 n&rsquo;est pas d\u00e9tect\u00e9 dans le my\u00e9lome multiple et le plasmocytome solitaire, ce qui le rend utile pour une telle diff\u00e9renciation.1,3 Les lymphomes diffus \u00e0 grandes cellules B expriment PAX-5, \u00e0 l&rsquo;exception de ceux qui pr\u00e9sentent une diff\u00e9renciation terminale des cellules B. Les n\u00e9oplasmes des cellules T ne se colorent pas avec les anti-PAX-5. Il existe une forte corr\u00e9lation avec l&rsquo;expression du CD20.   <\/p>\n","protected":false},"featured_media":4497,"comment_status":"closed","ping_status":"closed","template":"","meta":{"_acf_changed":false},"product_brand":[],"product_cat":[113,420,148],"product_tag":[460,488,489],"class_list":{"0":"post-4634","1":"product","2":"type-product","3":"status-publish","4":"has-post-thumbnail","6":"product_cat-consommables","7":"product_cat-antibody","8":"product_cat-immunohistochimie-fr","9":"product_tag-antibody","10":"product_tag-antibody-pax-5","11":"product_tag-pax-5","13":"first","14":"instock","15":"shipping-taxable","16":"product-type-simple"},"acf":[],"_links":{"self":[{"href":"https:\/\/pathotec.ch\/fr\/wp-json\/wp\/v2\/product\/4634","targetHints":{"allow":["GET"]}}],"collection":[{"href":"https:\/\/pathotec.ch\/fr\/wp-json\/wp\/v2\/product"}],"about":[{"href":"https:\/\/pathotec.ch\/fr\/wp-json\/wp\/v2\/types\/product"}],"replies":[{"embeddable":true,"href":"https:\/\/pathotec.ch\/fr\/wp-json\/wp\/v2\/comments?post=4634"}],"wp:featuredmedia":[{"embeddable":true,"href":"https:\/\/pathotec.ch\/fr\/wp-json\/wp\/v2\/media\/4497"}],"wp:attachment":[{"href":"https:\/\/pathotec.ch\/fr\/wp-json\/wp\/v2\/media?parent=4634"}],"wp:term":[{"taxonomy":"product_brand","embeddable":true,"href":"https:\/\/pathotec.ch\/fr\/wp-json\/wp\/v2\/product_brand?post=4634"},{"taxonomy":"product_cat","embeddable":true,"href":"https:\/\/pathotec.ch\/fr\/wp-json\/wp\/v2\/product_cat?post=4634"},{"taxonomy":"product_tag","embeddable":true,"href":"https:\/\/pathotec.ch\/fr\/wp-json\/wp\/v2\/product_tag?post=4634"}],"curies":[{"name":"wp","href":"https:\/\/api.w.org\/{rel}","templated":true}]}}