{"id":4633,"date":"2025-10-17T16:00:18","date_gmt":"2025-10-17T14:00:18","guid":{"rendered":"https:\/\/pathotec.ch\/produkt\/c-kit-cd117-antibody\/"},"modified":"2025-10-17T16:00:18","modified_gmt":"2025-10-17T14:00:18","slug":"c-kit-cd117-antibody","status":"publish","type":"product","link":"https:\/\/pathotec.ch\/fr\/produkt\/c-kit-cd117-antibody\/","title":{"rendered":"C-KIT \/ CD117 ANTIBODY"},"excerpt":{"rendered":"<p>CD117, \u00e9galement connu sous le nom de c-Kit, code pour un r\u00e9cepteur tyrosine kinase qui est activ\u00e9 par son ligand, le facteur des cellules souches, et joue un r\u00f4le important dans des fonctions vitales telles que l&rsquo;hom\u00e9ostasie et la m\u00e9lanog\u00e9n\u00e8se. CD117 est un protooncog\u00e8ne. Des mutations et une surexpression sont associ\u00e9es \u00e0 plusieurs types de cancer, notamment les tumeurs stromales gastro-intestinales (GIST), les maladies mastocytaires, la leuc\u00e9mie my\u00e9lo\u00efde aigu\u00eb (LMA), le carcinome pulmonaire \u00e0 petites cellules (CPPC) et le sarcome d&rsquo;Ewing. L&rsquo;expression est pr\u00e9sente dans une grande vari\u00e9t\u00e9 de cellules normales et anormales, telles que les cellules souches h\u00e9matopo\u00ef\u00e9tiques, les m\u00e9lanocytes, les mastocytes, les cellules germinales et les cellules basales de la peau.   <\/p>\n","protected":false},"featured_media":4483,"comment_status":"closed","ping_status":"closed","template":"","meta":{"_acf_changed":false},"product_brand":[],"product_cat":[113,420,148],"product_tag":[460,487,484,486],"class_list":{"0":"post-4633","1":"product","2":"type-product","3":"status-publish","4":"has-post-thumbnail","6":"product_cat-consommables","7":"product_cat-antibody","8":"product_cat-immunohistochimie-fr","9":"product_tag-antibody","10":"product_tag-c-kit","11":"product_tag-c-kit-antibody-cd117","12":"product_tag-c-kit-cd117","14":"first","15":"instock","16":"shipping-taxable","17":"product-type-simple"},"acf":[],"_links":{"self":[{"href":"https:\/\/pathotec.ch\/fr\/wp-json\/wp\/v2\/product\/4633","targetHints":{"allow":["GET"]}}],"collection":[{"href":"https:\/\/pathotec.ch\/fr\/wp-json\/wp\/v2\/product"}],"about":[{"href":"https:\/\/pathotec.ch\/fr\/wp-json\/wp\/v2\/types\/product"}],"replies":[{"embeddable":true,"href":"https:\/\/pathotec.ch\/fr\/wp-json\/wp\/v2\/comments?post=4633"}],"wp:featuredmedia":[{"embeddable":true,"href":"https:\/\/pathotec.ch\/fr\/wp-json\/wp\/v2\/media\/4483"}],"wp:attachment":[{"href":"https:\/\/pathotec.ch\/fr\/wp-json\/wp\/v2\/media?parent=4633"}],"wp:term":[{"taxonomy":"product_brand","embeddable":true,"href":"https:\/\/pathotec.ch\/fr\/wp-json\/wp\/v2\/product_brand?post=4633"},{"taxonomy":"product_cat","embeddable":true,"href":"https:\/\/pathotec.ch\/fr\/wp-json\/wp\/v2\/product_cat?post=4633"},{"taxonomy":"product_tag","embeddable":true,"href":"https:\/\/pathotec.ch\/fr\/wp-json\/wp\/v2\/product_tag?post=4633"}],"curies":[{"name":"wp","href":"https:\/\/api.w.org\/{rel}","templated":true}]}}