{"id":4632,"date":"2025-10-18T14:36:17","date_gmt":"2025-10-18T12:36:17","guid":{"rendered":"https:\/\/pathotec.ch\/produkt\/mum1-antibody\/"},"modified":"2025-10-18T14:36:17","modified_gmt":"2025-10-18T12:36:17","slug":"mum1-antibody","status":"publish","type":"product","link":"https:\/\/pathotec.ch\/fr\/produkt\/mum1-antibody\/","title":{"rendered":"MUM1 ANTIBODY"},"excerpt":{"rendered":"<p>L&rsquo;anticorps anti-MUM1 marque une prot\u00e9ine de 50 kDa, l&rsquo;oncog\u00e8ne-1 du my\u00e9lome multiple (MUM1). MUM1 est cod\u00e9 par le g\u00e8ne MUM1\/IRF-4, qui a \u00e9t\u00e9 cartographi\u00e9 en 6q23-25 et identifi\u00e9 comme un oncog\u00e8ne associ\u00e9 au my\u00e9lome. Il appartient \u00e0 la famille des facteurs de transcription des facteurs de r\u00e9gulation de l&rsquo;interf\u00e9ron et joue un r\u00f4le important dans la r\u00e9gulation de l&rsquo;expression des g\u00e8nes en r\u00e9ponse aux signaux de l&rsquo;interf\u00e9ron et d&rsquo;autres cytokines. Les cellules MUM1 positives expriment la prot\u00e9ine dans le noyau selon un sch\u00e9ma diffus et microgranulaire. Cependant, une certaine positivit\u00e9 est \u00e9galement observ\u00e9e dans le cytoplasme des cellules exprimant MUM1. Dans les tissus lymphatiques normaux\/r\u00e9actifs, tels que les ganglions lymphatiques, cet anticorps colore les plasmocytes, certaines cellules B dans la zone lumineuse des centres germinaux et un sous-groupe de cellules T (cellules T dans les centres germinaux et les zones interfolliculaires). L&rsquo;expression de MUM1 a \u00e9t\u00e9 d\u00e9crite dans les lymphomes diffus \u00e0 grandes cellules B (DLBCL). L&rsquo;anticorps anti-MUM1 peut marquer d&rsquo;autres lymphomes \u00e0 cellules B tels que le lymphome lymphoplasmocytaire, la leuc\u00e9mie lympho\u00efde chronique, le lymphome folliculaire, le lymphome de la zone marginale, le lymphome\/leuc\u00e9mie lymphoblastique, le lymphome primaire d&rsquo;effusion, le DLBCL, le lymphome de type Burkitt et le lymphome hodgkinien classique. Cependant, les cellules tumorales du lymphome nodulaire \u00e0 pr\u00e9dominance lymphocytaire de Hodgkin sont n\u00e9gatives ou faiblement positives. MUM1 est \u00e9galement exprim\u00e9 dans le my\u00e9lome plasmocytaire.         <\/p>\n","protected":false},"featured_media":4493,"comment_status":"closed","ping_status":"closed","template":"","meta":{"_acf_changed":false},"product_brand":[],"product_cat":[113,420,148],"product_tag":[460,483,485],"class_list":{"0":"post-4632","1":"product","2":"type-product","3":"status-publish","4":"has-post-thumbnail","6":"product_cat-consommables","7":"product_cat-antibody","8":"product_cat-immunohistochimie-fr","9":"product_tag-antibody","10":"product_tag-antibody-mum1","11":"product_tag-mum1","13":"first","14":"instock","15":"shipping-taxable","16":"product-type-simple"},"acf":[],"_links":{"self":[{"href":"https:\/\/pathotec.ch\/fr\/wp-json\/wp\/v2\/product\/4632","targetHints":{"allow":["GET"]}}],"collection":[{"href":"https:\/\/pathotec.ch\/fr\/wp-json\/wp\/v2\/product"}],"about":[{"href":"https:\/\/pathotec.ch\/fr\/wp-json\/wp\/v2\/types\/product"}],"replies":[{"embeddable":true,"href":"https:\/\/pathotec.ch\/fr\/wp-json\/wp\/v2\/comments?post=4632"}],"wp:featuredmedia":[{"embeddable":true,"href":"https:\/\/pathotec.ch\/fr\/wp-json\/wp\/v2\/media\/4493"}],"wp:attachment":[{"href":"https:\/\/pathotec.ch\/fr\/wp-json\/wp\/v2\/media?parent=4632"}],"wp:term":[{"taxonomy":"product_brand","embeddable":true,"href":"https:\/\/pathotec.ch\/fr\/wp-json\/wp\/v2\/product_brand?post=4632"},{"taxonomy":"product_cat","embeddable":true,"href":"https:\/\/pathotec.ch\/fr\/wp-json\/wp\/v2\/product_cat?post=4632"},{"taxonomy":"product_tag","embeddable":true,"href":"https:\/\/pathotec.ch\/fr\/wp-json\/wp\/v2\/product_tag?post=4632"}],"curies":[{"name":"wp","href":"https:\/\/api.w.org\/{rel}","templated":true}]}}