{"id":4628,"date":"2025-10-18T15:24:23","date_gmt":"2025-10-18T13:24:23","guid":{"rendered":"https:\/\/pathotec.ch\/produkt\/lambda-light-chain-antibody\/"},"modified":"2026-01-20T10:33:14","modified_gmt":"2026-01-20T09:33:14","slug":"lambda-light-chain-antibody","status":"publish","type":"product","link":"https:\/\/pathotec.ch\/fr\/produkt\/lambda-light-chain-antibody\/","title":{"rendered":"LAMBDA LIGHT CHAIN ANTIBODY"},"excerpt":{"rendered":"<p>Anti-Lambda reconna\u00eet l&rsquo;immunoglobuline de surface sur les cellules B normales et n\u00e9oplasiques. Une coloration anti-Lambda est observ\u00e9e dans les follicules de cellules B du tissu lymphatique humain. Dans les n\u00e9oplasies de cellules B, la d\u00e9termination des rapports de cha\u00eenes l\u00e9g\u00e8res reste utile. La plupart des lymphomes \u00e0 cellules B expriment soit des cha\u00eenes l\u00e9g\u00e8res kappa soit des cha\u00eenes l\u00e9g\u00e8res lambda, tandis que les prolif\u00e9rations r\u00e9actives pr\u00e9sentent un m\u00e9lange de cellules positives en kappa et en lambda. Si un seul type de cha\u00eene l\u00e9g\u00e8re est d\u00e9tect\u00e9, une maladie lymphoprolif\u00e9rative est tr\u00e8s probable.    <\/p>\n","protected":false},"featured_media":4506,"comment_status":"closed","ping_status":"closed","template":"","meta":{"_acf_changed":false},"product_brand":[],"product_cat":[113,420,148],"product_tag":[460,469,471,470,472],"class_list":{"0":"post-4628","1":"product","2":"type-product","3":"status-publish","4":"has-post-thumbnail","6":"product_cat-consommables","7":"product_cat-antibody","8":"product_cat-immunohistochimie-fr","9":"product_tag-antibody","10":"product_tag-antibody-de-la-chaine-legere-lambda","11":"product_tag-chaine-lumineuse-lambda","12":"product_tag-lambda","13":"product_tag-lumiere-lambda","15":"first","16":"instock","17":"shipping-taxable","18":"product-type-simple"},"acf":[],"_links":{"self":[{"href":"https:\/\/pathotec.ch\/fr\/wp-json\/wp\/v2\/product\/4628","targetHints":{"allow":["GET"]}}],"collection":[{"href":"https:\/\/pathotec.ch\/fr\/wp-json\/wp\/v2\/product"}],"about":[{"href":"https:\/\/pathotec.ch\/fr\/wp-json\/wp\/v2\/types\/product"}],"replies":[{"embeddable":true,"href":"https:\/\/pathotec.ch\/fr\/wp-json\/wp\/v2\/comments?post=4628"}],"wp:featuredmedia":[{"embeddable":true,"href":"https:\/\/pathotec.ch\/fr\/wp-json\/wp\/v2\/media\/4506"}],"wp:attachment":[{"href":"https:\/\/pathotec.ch\/fr\/wp-json\/wp\/v2\/media?parent=4628"}],"wp:term":[{"taxonomy":"product_brand","embeddable":true,"href":"https:\/\/pathotec.ch\/fr\/wp-json\/wp\/v2\/product_brand?post=4628"},{"taxonomy":"product_cat","embeddable":true,"href":"https:\/\/pathotec.ch\/fr\/wp-json\/wp\/v2\/product_cat?post=4628"},{"taxonomy":"product_tag","embeddable":true,"href":"https:\/\/pathotec.ch\/fr\/wp-json\/wp\/v2\/product_tag?post=4628"}],"curies":[{"name":"wp","href":"https:\/\/api.w.org\/{rel}","templated":true}]}}