{"id":4624,"date":"2025-10-18T15:46:09","date_gmt":"2025-10-18T13:46:09","guid":{"rendered":"https:\/\/pathotec.ch\/produkt\/bcl-2-antibody\/"},"modified":"2025-10-18T15:46:09","modified_gmt":"2025-10-18T13:46:09","slug":"bcl-2-antibody","status":"publish","type":"product","link":"https:\/\/pathotec.ch\/fr\/produkt\/bcl-2-antibody\/","title":{"rendered":"BCL-2 ANTIBODY"},"excerpt":{"rendered":"<p>BCL2 est une prot\u00e9ine associ\u00e9e \u00e0 la r\u00e9gulation de l&rsquo;apoptose et produite par le g\u00e8ne bcl-2, situ\u00e9 sur le chromosome 14q32. BCL2 est compos\u00e9e d&rsquo;une cha\u00eene alpha (239 acides amin\u00e9s) et d&rsquo;une cha\u00eene b\u00eata. BCL2 (et donc la cha\u00eene alpha de BCL2) est pr\u00e9sente dans les membranes mitochondriales et nucl\u00e9aires ainsi que dans le cytosol, mais pas \u00e0 la surface des cellules. Dans les tissus lymphatiques normaux, l&rsquo;anticorps BCL2 r\u00e9agit avec les petits lymphocytes B dans la zone du manteau et avec de nombreuses cellules au sein des zones de cellules T. L&rsquo;anti-BCL2 a montr\u00e9 une r\u00e9ponse n\u00e9gative coh\u00e9rente aux cellules B r\u00e9actives dans le centre germinal et une coloration positive des follicules n\u00e9oplasiques dans le lymphome folliculaire. Cet anticorps est pr\u00e9cieux pour distinguer la prolif\u00e9ration folliculaire r\u00e9active de la prolif\u00e9ration folliculaire n\u00e9oplasique dans les biopsies de ganglions lymphatiques. Cet anticorps peut \u00e9galement \u00eatre utilis\u00e9 pour distinguer les lymphomes folliculaires qui expriment la prot\u00e9ine BCL2 du petit nombre de lymphomes dans lesquels les cellules n\u00e9oplasiques sont BCL2 n\u00e9gatives. L&rsquo;anti-BCL2 a \u00e9t\u00e9 utilis\u00e9 comme indicateur de maladie r\u00e9siduelle minimale dans la moelle osseuse de patients atteints de lymphome folliculaire, lorsque la coloration est forte et uniforme. En outre, le cancer du sein primaire est g\u00e9n\u00e9ralement positif pour bcl-2, ce qui est corr\u00e9l\u00e9 n\u00e9gativement avec l&rsquo;expression de P53, et les patients positifs pour bcl-2 ont un meilleur pronostic.        <\/p>\n","protected":false},"featured_media":4519,"comment_status":"closed","ping_status":"closed","template":"","meta":{"_acf_changed":false},"product_brand":[],"product_cat":[113,420,148],"product_tag":[460,462,461],"class_list":{"0":"post-4624","1":"product","2":"type-product","3":"status-publish","4":"has-post-thumbnail","6":"product_cat-consommables","7":"product_cat-antibody","8":"product_cat-immunohistochimie-fr","9":"product_tag-antibody","10":"product_tag-bcl-2","11":"product_tag-bcl-2-antibody","13":"first","14":"instock","15":"shipping-taxable","16":"product-type-simple"},"acf":[],"_links":{"self":[{"href":"https:\/\/pathotec.ch\/fr\/wp-json\/wp\/v2\/product\/4624","targetHints":{"allow":["GET"]}}],"collection":[{"href":"https:\/\/pathotec.ch\/fr\/wp-json\/wp\/v2\/product"}],"about":[{"href":"https:\/\/pathotec.ch\/fr\/wp-json\/wp\/v2\/types\/product"}],"replies":[{"embeddable":true,"href":"https:\/\/pathotec.ch\/fr\/wp-json\/wp\/v2\/comments?post=4624"}],"wp:featuredmedia":[{"embeddable":true,"href":"https:\/\/pathotec.ch\/fr\/wp-json\/wp\/v2\/media\/4519"}],"wp:attachment":[{"href":"https:\/\/pathotec.ch\/fr\/wp-json\/wp\/v2\/media?parent=4624"}],"wp:term":[{"taxonomy":"product_brand","embeddable":true,"href":"https:\/\/pathotec.ch\/fr\/wp-json\/wp\/v2\/product_brand?post=4624"},{"taxonomy":"product_cat","embeddable":true,"href":"https:\/\/pathotec.ch\/fr\/wp-json\/wp\/v2\/product_cat?post=4624"},{"taxonomy":"product_tag","embeddable":true,"href":"https:\/\/pathotec.ch\/fr\/wp-json\/wp\/v2\/product_tag?post=4624"}],"curies":[{"name":"wp","href":"https:\/\/api.w.org\/{rel}","templated":true}]}}