{"id":4605,"date":"2025-11-06T17:33:11","date_gmt":"2025-11-06T16:33:11","guid":{"rendered":"https:\/\/pathotec.ch\/produkt\/processeur-de-cytologie-en-couche-mince-a-4-canaux-a-base-de-liquide\/"},"modified":"2025-11-06T17:33:11","modified_gmt":"2025-11-06T16:33:11","slug":"processeur-de-cytologie-en-couche-mince-a-4-canaux-a-base-de-liquide","status":"publish","type":"product","link":"https:\/\/pathotec.ch\/fr\/produkt\/processeur-de-cytologie-en-couche-mince-a-4-canaux-a-base-de-liquide\/","title":{"rendered":"Processeur de cytologie en couche mince \u00e0 4 canaux \u00e0 base de liquide"},"excerpt":{"rendered":"<p>Cet appareil convient parfaitement aux laboratoires de cytologie qui recherchent une grande capacit\u00e9 de traitement, des r\u00e9sultats reproductibles et un flux de travail efficace. Gr\u00e2ce \u00e0 son automatisation et \u00e0 sa polyvalence, il permet d&rsquo;acc\u00e9l\u00e9rer les diagnostics et d&rsquo;optimiser les ressources humaines tout en am\u00e9liorant la qualit\u00e9 des pr\u00e9parations. <\/p>\n","protected":false},"featured_media":4559,"comment_status":"closed","ping_status":"closed","template":"","meta":{"_acf_changed":false},"product_brand":[],"product_cat":[117,445],"product_tag":[447,446],"class_list":{"0":"post-4605","1":"product","2":"type-product","3":"status-publish","4":"has-post-thumbnail","6":"product_cat-cytologie","8":"product_tag-cytologie","9":"product_tag-cytologie-a-base-de-liquide","11":"first","12":"instock","13":"shipping-taxable","14":"product-type-simple"},"acf":[],"_links":{"self":[{"href":"https:\/\/pathotec.ch\/fr\/wp-json\/wp\/v2\/product\/4605","targetHints":{"allow":["GET"]}}],"collection":[{"href":"https:\/\/pathotec.ch\/fr\/wp-json\/wp\/v2\/product"}],"about":[{"href":"https:\/\/pathotec.ch\/fr\/wp-json\/wp\/v2\/types\/product"}],"replies":[{"embeddable":true,"href":"https:\/\/pathotec.ch\/fr\/wp-json\/wp\/v2\/comments?post=4605"}],"wp:featuredmedia":[{"embeddable":true,"href":"https:\/\/pathotec.ch\/fr\/wp-json\/wp\/v2\/media\/4559"}],"wp:attachment":[{"href":"https:\/\/pathotec.ch\/fr\/wp-json\/wp\/v2\/media?parent=4605"}],"wp:term":[{"taxonomy":"product_brand","embeddable":true,"href":"https:\/\/pathotec.ch\/fr\/wp-json\/wp\/v2\/product_brand?post=4605"},{"taxonomy":"product_cat","embeddable":true,"href":"https:\/\/pathotec.ch\/fr\/wp-json\/wp\/v2\/product_cat?post=4605"},{"taxonomy":"product_tag","embeddable":true,"href":"https:\/\/pathotec.ch\/fr\/wp-json\/wp\/v2\/product_tag?post=4605"}],"curies":[{"name":"wp","href":"https:\/\/api.w.org\/{rel}","templated":true}]}}