{"id":4603,"date":"2025-10-18T16:22:21","date_gmt":"2025-10-18T14:22:21","guid":{"rendered":"https:\/\/pathotec.ch\/produkt\/tampon-de-recuperation-dantigene-immunohistochimique\/"},"modified":"2025-10-18T16:22:21","modified_gmt":"2025-10-18T14:22:21","slug":"tampon-de-recuperation-dantigene-immunohistochimique","status":"publish","type":"product","link":"https:\/\/pathotec.ch\/fr\/produkt\/tampon-de-recuperation-dantigene-immunohistochimique\/","title":{"rendered":"TAMPON DE R\u00c9CUP\u00c9RATION D&rsquo;ANTIG\u00c8NE IMMUNOHISTOCHIMIQUE"},"excerpt":{"rendered":"","protected":false},"featured_media":5060,"comment_status":"closed","ping_status":"closed","template":"","meta":{"_acf_changed":false},"product_brand":[],"product_cat":[113,148],"product_tag":[421,422,423],"class_list":{"0":"post-4603","1":"product","2":"type-product","3":"status-publish","4":"has-post-thumbnail","6":"product_cat-consommables","7":"product_cat-immunohistochimie-fr","8":"product_tag-immunohistochemical","9":"product_tag-immunohistochemical-antigen","10":"product_tag-immunohistochemical-antigen-retrieval-buffer","12":"first","13":"instock","14":"shipping-taxable","15":"product-type-simple"},"acf":[],"_links":{"self":[{"href":"https:\/\/pathotec.ch\/fr\/wp-json\/wp\/v2\/product\/4603","targetHints":{"allow":["GET"]}}],"collection":[{"href":"https:\/\/pathotec.ch\/fr\/wp-json\/wp\/v2\/product"}],"about":[{"href":"https:\/\/pathotec.ch\/fr\/wp-json\/wp\/v2\/types\/product"}],"replies":[{"embeddable":true,"href":"https:\/\/pathotec.ch\/fr\/wp-json\/wp\/v2\/comments?post=4603"}],"wp:featuredmedia":[{"embeddable":true,"href":"https:\/\/pathotec.ch\/fr\/wp-json\/wp\/v2\/media\/5060"}],"wp:attachment":[{"href":"https:\/\/pathotec.ch\/fr\/wp-json\/wp\/v2\/media?parent=4603"}],"wp:term":[{"taxonomy":"product_brand","embeddable":true,"href":"https:\/\/pathotec.ch\/fr\/wp-json\/wp\/v2\/product_brand?post=4603"},{"taxonomy":"product_cat","embeddable":true,"href":"https:\/\/pathotec.ch\/fr\/wp-json\/wp\/v2\/product_cat?post=4603"},{"taxonomy":"product_tag","embeddable":true,"href":"https:\/\/pathotec.ch\/fr\/wp-json\/wp\/v2\/product_tag?post=4603"}],"curies":[{"name":"wp","href":"https:\/\/api.w.org\/{rel}","templated":true}]}}