{"id":4572,"date":"2025-10-14T05:46:19","date_gmt":"2025-10-14T03:46:19","guid":{"rendered":"https:\/\/pathotec.ch\/produkt\/kassetten-laserdrucker-kf-ue-001\/"},"modified":"2026-03-09T15:56:56","modified_gmt":"2026-03-09T14:56:56","slug":"kassetten-laserdrucker-kf-ue-001","status":"publish","type":"product","link":"https:\/\/pathotec.ch\/fr\/produkt\/kassetten-laserdrucker-kf-ue-001\/","title":{"rendered":"IMPRIMANTE LASER \u00c0 CARTOUCHE KF-UE-001"},"excerpt":{"rendered":"<p>La <strong data-start=\"232\" data-end=\"245\">KF-UE-001<\/strong> est une imprimante laser UV haute performance pour le marquage rapide, pr\u00e9cis et permanent des cassettes d&rsquo;enrobage (Cassettes) dans les laboratoires de pathologie. Gr\u00e2ce \u00e0 sa technologie robuste, elle s&rsquo;int\u00e8gre parfaitement dans les processus de laboratoire existants et prend en charge le fonctionnement en ligne et hors ligne.<\/p>\n","protected":false},"featured_media":4587,"comment_status":"closed","ping_status":"closed","template":"","meta":{"_acf_changed":false},"product_brand":[],"product_cat":[87,425,89],"product_tag":[435,436],"class_list":{"0":"post-4572","1":"product","2":"type-product","3":"status-publish","4":"has-post-thumbnail","6":"product_cat-equipment-fr","7":"product_cat-kassettendrucker","8":"product_cat-reception-dechantillons-macroscopie","9":"product_tag-kassettendrucker","10":"product_tag-laserdrucker","12":"first","13":"instock","14":"taxable","15":"shipping-taxable","16":"product-type-simple"},"acf":[],"_links":{"self":[{"href":"https:\/\/pathotec.ch\/fr\/wp-json\/wp\/v2\/product\/4572","targetHints":{"allow":["GET"]}}],"collection":[{"href":"https:\/\/pathotec.ch\/fr\/wp-json\/wp\/v2\/product"}],"about":[{"href":"https:\/\/pathotec.ch\/fr\/wp-json\/wp\/v2\/types\/product"}],"replies":[{"embeddable":true,"href":"https:\/\/pathotec.ch\/fr\/wp-json\/wp\/v2\/comments?post=4572"}],"wp:featuredmedia":[{"embeddable":true,"href":"https:\/\/pathotec.ch\/fr\/wp-json\/wp\/v2\/media\/4587"}],"wp:attachment":[{"href":"https:\/\/pathotec.ch\/fr\/wp-json\/wp\/v2\/media?parent=4572"}],"wp:term":[{"taxonomy":"product_brand","embeddable":true,"href":"https:\/\/pathotec.ch\/fr\/wp-json\/wp\/v2\/product_brand?post=4572"},{"taxonomy":"product_cat","embeddable":true,"href":"https:\/\/pathotec.ch\/fr\/wp-json\/wp\/v2\/product_cat?post=4572"},{"taxonomy":"product_tag","embeddable":true,"href":"https:\/\/pathotec.ch\/fr\/wp-json\/wp\/v2\/product_tag?post=4572"}],"curies":[{"name":"wp","href":"https:\/\/api.w.org\/{rel}","templated":true}]}}