{"id":4570,"date":"2025-10-18T16:26:28","date_gmt":"2025-10-18T14:26:28","guid":{"rendered":"https:\/\/pathotec.ch\/produkt\/immunohistochemical-antigen-retrieval-buffer-2\/"},"modified":"2026-04-06T22:01:05","modified_gmt":"2026-04-06T20:01:05","slug":"immunohistochemical-antigen-retrieval-buffer-2","status":"publish","type":"product","link":"https:\/\/pathotec.ch\/fr\/produkt\/immunohistochemical-antigen-retrieval-buffer-2\/","title":{"rendered":"ANTIGEN RETRIEVAL BUFFER II"},"excerpt":{"rendered":"<p>ANTIGEN RETRIEVAL BUFFER II (EDTA) L\u00f6sung f\u00fcr das automatische F\u00e4rbesystem des Dartmon IHC Stainers.<\/p>\n","protected":false},"featured_media":5060,"comment_status":"closed","ping_status":"closed","template":"","meta":{"_acf_changed":false},"product_brand":[],"product_cat":[113,923,148],"product_tag":[924,925,926,421,422,423],"class_list":{"0":"post-4570","1":"product","2":"type-product","3":"status-publish","4":"has-post-thumbnail","6":"product_cat-consommables","7":"product_cat-hilfsreagenzien-ancillary-reagents","8":"product_cat-immunohistochimie-fr","9":"product_tag-buffer","10":"product_tag-buffer-ii","11":"product_tag-edta","12":"product_tag-immunohistochemical","13":"product_tag-immunohistochemical-antigen","14":"product_tag-immunohistochemical-antigen-retrieval-buffer","16":"first","17":"instock","18":"taxable","19":"shipping-taxable","20":"product-type-simple"},"acf":[],"_links":{"self":[{"href":"https:\/\/pathotec.ch\/fr\/wp-json\/wp\/v2\/product\/4570","targetHints":{"allow":["GET"]}}],"collection":[{"href":"https:\/\/pathotec.ch\/fr\/wp-json\/wp\/v2\/product"}],"about":[{"href":"https:\/\/pathotec.ch\/fr\/wp-json\/wp\/v2\/types\/product"}],"replies":[{"embeddable":true,"href":"https:\/\/pathotec.ch\/fr\/wp-json\/wp\/v2\/comments?post=4570"}],"wp:featuredmedia":[{"embeddable":true,"href":"https:\/\/pathotec.ch\/fr\/wp-json\/wp\/v2\/media\/5060"}],"wp:attachment":[{"href":"https:\/\/pathotec.ch\/fr\/wp-json\/wp\/v2\/media?parent=4570"}],"wp:term":[{"taxonomy":"product_brand","embeddable":true,"href":"https:\/\/pathotec.ch\/fr\/wp-json\/wp\/v2\/product_brand?post=4570"},{"taxonomy":"product_cat","embeddable":true,"href":"https:\/\/pathotec.ch\/fr\/wp-json\/wp\/v2\/product_cat?post=4570"},{"taxonomy":"product_tag","embeddable":true,"href":"https:\/\/pathotec.ch\/fr\/wp-json\/wp\/v2\/product_tag?post=4570"}],"curies":[{"name":"wp","href":"https:\/\/api.w.org\/{rel}","templated":true}]}}