{"id":3524,"date":"2025-04-23T22:06:42","date_gmt":"2025-04-23T20:06:42","guid":{"rendered":"https:\/\/pathotec.ch\/produkt\/scanner-numerique-de-lames-de-pathologie-kf-pro-020\/"},"modified":"2025-04-23T22:06:42","modified_gmt":"2025-04-23T20:06:42","slug":"scanner-numerique-de-lames-de-pathologie-kf-pro-020","status":"publish","type":"product","link":"https:\/\/pathotec.ch\/fr\/produkt\/scanner-numerique-de-lames-de-pathologie-kf-pro-020\/","title":{"rendered":"Scanner num\u00e9rique de lames de pathologie KF-PRO-020"},"excerpt":{"rendered":"<p><span class=\"relative -mx-px my-[-0.2rem] rounded px-px py-[0.2rem] transition-colors duration-100 ease-in-out\">Le KF-PRO-020 de KFBIO est un scanner de pathologie num\u00e9rique con\u00e7u pour r\u00e9pondre \u00e0 des exigences de d\u00e9bit moyen et est id\u00e9al pour le diagnostic clinique, la recherche et la t\u00e9l\u00e9pathologie.<\/span> <span class=\"relative -mx-px my-[-0.2rem] rounded px-px py-[0.2rem] transition-colors duration-100 ease-in-out\">Avec une capacit\u00e9 allant jusqu&rsquo;\u00e0 20 lames par num\u00e9risation, il constitue une solution efficace pour les laboratoires traitant un volume moyen d&rsquo;\u00e9chantillons. Laissez-vous convaincre par vous-m\u00eame : Vous trouverez <a href=\"https:\/\/view.kfbiopathology.com\/sample\" target=\"_blank\" rel=\"noopener\">ici<\/a> un premier aper\u00e7u de nos scans num\u00e9riques.<\/span><\/p>\n","protected":false},"featured_media":3514,"comment_status":"closed","ping_status":"closed","template":"","meta":{"_acf_changed":false},"product_brand":[],"product_cat":[87,92,130],"product_tag":[],"class_list":{"0":"post-3524","1":"product","2":"type-product","3":"status-publish","4":"has-post-thumbnail","6":"product_cat-equipment-fr","7":"product_cat-coupe-mohs-et-coupe-rapide","8":"product_cat-microscopie-numerique-scanner","10":"first","11":"instock","12":"taxable","13":"shipping-taxable","14":"product-type-simple"},"acf":[],"_links":{"self":[{"href":"https:\/\/pathotec.ch\/fr\/wp-json\/wp\/v2\/product\/3524","targetHints":{"allow":["GET"]}}],"collection":[{"href":"https:\/\/pathotec.ch\/fr\/wp-json\/wp\/v2\/product"}],"about":[{"href":"https:\/\/pathotec.ch\/fr\/wp-json\/wp\/v2\/types\/product"}],"replies":[{"embeddable":true,"href":"https:\/\/pathotec.ch\/fr\/wp-json\/wp\/v2\/comments?post=3524"}],"wp:featuredmedia":[{"embeddable":true,"href":"https:\/\/pathotec.ch\/fr\/wp-json\/wp\/v2\/media\/3514"}],"wp:attachment":[{"href":"https:\/\/pathotec.ch\/fr\/wp-json\/wp\/v2\/media?parent=3524"}],"wp:term":[{"taxonomy":"product_brand","embeddable":true,"href":"https:\/\/pathotec.ch\/fr\/wp-json\/wp\/v2\/product_brand?post=3524"},{"taxonomy":"product_cat","embeddable":true,"href":"https:\/\/pathotec.ch\/fr\/wp-json\/wp\/v2\/product_cat?post=3524"},{"taxonomy":"product_tag","embeddable":true,"href":"https:\/\/pathotec.ch\/fr\/wp-json\/wp\/v2\/product_tag?post=3524"}],"curies":[{"name":"wp","href":"https:\/\/api.w.org\/{rel}","templated":true}]}}