{"id":3499,"date":"2025-04-23T13:23:23","date_gmt":"2025-04-23T11:23:23","guid":{"rendered":"https:\/\/pathotec.ch\/produkt\/scanner-numerique-de-lames-de-pathologie-kf-pro-005\/"},"modified":"2025-04-23T13:29:34","modified_gmt":"2025-04-23T11:29:34","slug":"scanner-numerique-de-lames-de-pathologie-kf-pro-005","status":"publish","type":"product","link":"https:\/\/pathotec.ch\/fr\/produkt\/scanner-numerique-de-lames-de-pathologie-kf-pro-005\/","title":{"rendered":"Scanner num\u00e9rique de lames de pathologie KF-PRO-005"},"excerpt":{"rendered":"<p>Le <strong data-start=\"219\" data-end=\"233\">KF-PRO-005<\/strong> est un scanner de lames compact et puissant pour la pathologie num\u00e9rique. Avec une vitesse de num\u00e9risation \u00e9lev\u00e9e, une excellente r\u00e9solution d&rsquo;image et une prise en charge de la fluorescence en option, ce syst\u00e8me est id\u00e9al pour les cliniques, les instituts de recherche et les universit\u00e9s. Le KF-PRO-005 allie pr\u00e9cision, efficacit\u00e9 et facilit\u00e9 d&rsquo;utilisation &#8211; parfait pour les d\u00e9butants en pathologie num\u00e9rique qui exigent la meilleure qualit\u00e9.  <\/p>\n<p>Laissez-vous convaincre par vous-m\u00eame : Vous trouverez <a href=\"https:\/\/view.kfbiopathology.com\/sample\" target=\"_blank\" rel=\"noopener\">ici<\/a> un premier aper\u00e7u de nos scans num\u00e9riques.<\/p>\n","protected":false},"featured_media":3503,"comment_status":"closed","ping_status":"closed","template":"","meta":{"_acf_changed":false},"product_brand":[],"product_cat":[87,92,130,682,683,693],"product_tag":[],"class_list":{"0":"post-3499","1":"product","2":"type-product","3":"status-publish","4":"has-post-thumbnail","6":"product_cat-equipment-fr","7":"product_cat-coupe-mohs-et-coupe-rapide","8":"product_cat-microscopie-numerique-scanner","9":"product_cat-scanner-de-lames","10":"product_cat-scanners-de-lames-fluorescentes","11":"product_cat-scanners-et-microscopes-a-coupe-rapide","13":"first","14":"instock","15":"taxable","16":"shipping-taxable","17":"product-type-simple"},"acf":[],"_links":{"self":[{"href":"https:\/\/pathotec.ch\/fr\/wp-json\/wp\/v2\/product\/3499","targetHints":{"allow":["GET"]}}],"collection":[{"href":"https:\/\/pathotec.ch\/fr\/wp-json\/wp\/v2\/product"}],"about":[{"href":"https:\/\/pathotec.ch\/fr\/wp-json\/wp\/v2\/types\/product"}],"replies":[{"embeddable":true,"href":"https:\/\/pathotec.ch\/fr\/wp-json\/wp\/v2\/comments?post=3499"}],"wp:featuredmedia":[{"embeddable":true,"href":"https:\/\/pathotec.ch\/fr\/wp-json\/wp\/v2\/media\/3503"}],"wp:attachment":[{"href":"https:\/\/pathotec.ch\/fr\/wp-json\/wp\/v2\/media?parent=3499"}],"wp:term":[{"taxonomy":"product_brand","embeddable":true,"href":"https:\/\/pathotec.ch\/fr\/wp-json\/wp\/v2\/product_brand?post=3499"},{"taxonomy":"product_cat","embeddable":true,"href":"https:\/\/pathotec.ch\/fr\/wp-json\/wp\/v2\/product_cat?post=3499"},{"taxonomy":"product_tag","embeddable":true,"href":"https:\/\/pathotec.ch\/fr\/wp-json\/wp\/v2\/product_tag?post=3499"}],"curies":[{"name":"wp","href":"https:\/\/api.w.org\/{rel}","templated":true}]}}