{"id":3412,"date":"2025-03-11T08:20:59","date_gmt":"2025-03-11T07:20:59","guid":{"rendered":"https:\/\/pathotec.ch\/produkt\/bxchip\/"},"modified":"2025-03-19T14:08:32","modified_gmt":"2025-03-19T13:08:32","slug":"bxchip","status":"publish","type":"product","link":"https:\/\/pathotec.ch\/fr\/produkt\/bxchip\/","title":{"rendered":"BxChip"},"excerpt":{"rendered":"<p>Pr\u00e9server la qualit\u00e9 des tissus et augmenter les taux de d\u00e9tection du cancer gr\u00e2ce \u00e0 des appareils de traitement des tissus pour la clinique et le laboratoire.<\/p>\n","protected":false},"featured_media":3390,"comment_status":"closed","ping_status":"closed","template":"","meta":{"_acf_changed":false},"product_brand":[],"product_cat":[113,123,114],"product_tag":[],"class_list":{"0":"post-3412","1":"product","2":"type-product","3":"status-publish","4":"has-post-thumbnail","6":"product_cat-consommables","7":"product_cat-reception-dechantillons-macroscopie-fr","8":"product_cat-prelevement-fixation","10":"first","11":"instock","12":"taxable","13":"shipping-taxable","14":"product-type-simple"},"acf":[],"_links":{"self":[{"href":"https:\/\/pathotec.ch\/fr\/wp-json\/wp\/v2\/product\/3412","targetHints":{"allow":["GET"]}}],"collection":[{"href":"https:\/\/pathotec.ch\/fr\/wp-json\/wp\/v2\/product"}],"about":[{"href":"https:\/\/pathotec.ch\/fr\/wp-json\/wp\/v2\/types\/product"}],"replies":[{"embeddable":true,"href":"https:\/\/pathotec.ch\/fr\/wp-json\/wp\/v2\/comments?post=3412"}],"wp:featuredmedia":[{"embeddable":true,"href":"https:\/\/pathotec.ch\/fr\/wp-json\/wp\/v2\/media\/3390"}],"wp:attachment":[{"href":"https:\/\/pathotec.ch\/fr\/wp-json\/wp\/v2\/media?parent=3412"}],"wp:term":[{"taxonomy":"product_brand","embeddable":true,"href":"https:\/\/pathotec.ch\/fr\/wp-json\/wp\/v2\/product_brand?post=3412"},{"taxonomy":"product_cat","embeddable":true,"href":"https:\/\/pathotec.ch\/fr\/wp-json\/wp\/v2\/product_cat?post=3412"},{"taxonomy":"product_tag","embeddable":true,"href":"https:\/\/pathotec.ch\/fr\/wp-json\/wp\/v2\/product_tag?post=3412"}],"curies":[{"name":"wp","href":"https:\/\/api.w.org\/{rel}","templated":true}]}}