{"id":3385,"date":"2025-03-10T20:31:35","date_gmt":"2025-03-10T19:31:35","guid":{"rendered":"https:\/\/pathotec.ch\/produkt\/bx-board\/"},"modified":"2025-03-19T14:09:57","modified_gmt":"2025-03-19T13:09:57","slug":"bx-board","status":"publish","type":"product","link":"https:\/\/pathotec.ch\/fr\/produkt\/bx-board\/","title":{"rendered":"BxBoard"},"excerpt":{"rendered":"<p>Le BxBoard est le dispositif innovant de Lumea pour le pr\u00e9l\u00e8vement et le transport de tissus. Il vise \u00e0 \u00e9liminer cette \u00e9tape inefficace et \u00e0 rendre le travail plus s\u00fbr et plus respectueux de l&rsquo;environnement. La planche remplace les flacons de formol et offre une solution standardis\u00e9e et conviviale qui profite \u00e0 la clinique, au personnel de laboratoire et, surtout, aux patients. \u00cates-vous pr\u00eat \u00e0 rejoindre le million d&rsquo;\u00e9chantillons qui ont d\u00e9j\u00e0 b\u00e9n\u00e9fici\u00e9 du BxBoard ?<\/p>\n","protected":false},"featured_media":3374,"comment_status":"closed","ping_status":"closed","template":"","meta":{"_acf_changed":false},"product_brand":[],"product_cat":[113,123,114],"product_tag":[],"class_list":{"0":"post-3385","1":"product","2":"type-product","3":"status-publish","4":"has-post-thumbnail","6":"product_cat-consommables","7":"product_cat-reception-dechantillons-macroscopie-fr","8":"product_cat-prelevement-fixation","10":"first","11":"instock","12":"taxable","13":"shipping-taxable","14":"product-type-simple"},"acf":[],"_links":{"self":[{"href":"https:\/\/pathotec.ch\/fr\/wp-json\/wp\/v2\/product\/3385","targetHints":{"allow":["GET"]}}],"collection":[{"href":"https:\/\/pathotec.ch\/fr\/wp-json\/wp\/v2\/product"}],"about":[{"href":"https:\/\/pathotec.ch\/fr\/wp-json\/wp\/v2\/types\/product"}],"replies":[{"embeddable":true,"href":"https:\/\/pathotec.ch\/fr\/wp-json\/wp\/v2\/comments?post=3385"}],"wp:featuredmedia":[{"embeddable":true,"href":"https:\/\/pathotec.ch\/fr\/wp-json\/wp\/v2\/media\/3374"}],"wp:attachment":[{"href":"https:\/\/pathotec.ch\/fr\/wp-json\/wp\/v2\/media?parent=3385"}],"wp:term":[{"taxonomy":"product_brand","embeddable":true,"href":"https:\/\/pathotec.ch\/fr\/wp-json\/wp\/v2\/product_brand?post=3385"},{"taxonomy":"product_cat","embeddable":true,"href":"https:\/\/pathotec.ch\/fr\/wp-json\/wp\/v2\/product_cat?post=3385"},{"taxonomy":"product_tag","embeddable":true,"href":"https:\/\/pathotec.ch\/fr\/wp-json\/wp\/v2\/product_tag?post=3385"}],"curies":[{"name":"wp","href":"https:\/\/api.w.org\/{rel}","templated":true}]}}