{"id":3317,"date":"2025-03-07T19:45:51","date_gmt":"2025-03-07T18:45:51","guid":{"rendered":"https:\/\/pathotec.ch\/produkt\/socle-pour-armoire-darchivage\/"},"modified":"2025-03-07T19:56:58","modified_gmt":"2025-03-07T18:56:58","slug":"socle-pour-armoire-darchivage","status":"publish","type":"product","link":"https:\/\/pathotec.ch\/fr\/produkt\/socle-pour-armoire-darchivage\/","title":{"rendered":"Socle pour armoire d&rsquo;archivage"},"excerpt":{"rendered":"<p>Le classement et le stockage des \u00e9chantillons est l&rsquo;une des plus grandes t\u00e2ches en pathologie. Nous proposons diff\u00e9rents mod\u00e8les d&rsquo;armoires de stockage en fonction des besoins et des pr\u00e9f\u00e9rences des utilisateurs.<br \/>\nLes armoires sont fabriqu\u00e9es en fer ou en mat\u00e9riau ABS, en design table-top pour moins d&rsquo;\u00e9chantillons et un transport pratique, ou en mod\u00e8le standard traditionnel pour le d\u00e9p\u00f4t et le stockage d&rsquo;\u00e9chantillons en masse. <\/p>\n","protected":false},"featured_media":3315,"comment_status":"closed","ping_status":"closed","template":"","meta":{"_acf_changed":false},"product_brand":[],"product_cat":[113,140],"product_tag":[],"class_list":{"0":"post-3317","1":"product","2":"type-product","3":"status-publish","4":"has-post-thumbnail","6":"product_cat-consommables","7":"product_cat-archivage-elimination","9":"first","10":"instock","11":"taxable","12":"shipping-taxable","13":"product-type-simple"},"acf":[],"_links":{"self":[{"href":"https:\/\/pathotec.ch\/fr\/wp-json\/wp\/v2\/product\/3317","targetHints":{"allow":["GET"]}}],"collection":[{"href":"https:\/\/pathotec.ch\/fr\/wp-json\/wp\/v2\/product"}],"about":[{"href":"https:\/\/pathotec.ch\/fr\/wp-json\/wp\/v2\/types\/product"}],"replies":[{"embeddable":true,"href":"https:\/\/pathotec.ch\/fr\/wp-json\/wp\/v2\/comments?post=3317"}],"wp:featuredmedia":[{"embeddable":true,"href":"https:\/\/pathotec.ch\/fr\/wp-json\/wp\/v2\/media\/3315"}],"wp:attachment":[{"href":"https:\/\/pathotec.ch\/fr\/wp-json\/wp\/v2\/media?parent=3317"}],"wp:term":[{"taxonomy":"product_brand","embeddable":true,"href":"https:\/\/pathotec.ch\/fr\/wp-json\/wp\/v2\/product_brand?post=3317"},{"taxonomy":"product_cat","embeddable":true,"href":"https:\/\/pathotec.ch\/fr\/wp-json\/wp\/v2\/product_cat?post=3317"},{"taxonomy":"product_tag","embeddable":true,"href":"https:\/\/pathotec.ch\/fr\/wp-json\/wp\/v2\/product_tag?post=3317"}],"curies":[{"name":"wp","href":"https:\/\/api.w.org\/{rel}","templated":true}]}}