{"id":3307,"date":"2025-03-06T17:44:14","date_gmt":"2025-03-06T16:44:14","guid":{"rendered":"https:\/\/pathotec.ch\/produkt\/microscopie-givree-lames-de-microscope\/"},"modified":"2025-03-06T17:52:13","modified_gmt":"2025-03-06T16:52:13","slug":"microscopie-givree-lames-de-microscope","status":"publish","type":"product","link":"https:\/\/pathotec.ch\/fr\/produkt\/microscopie-givree-lames-de-microscope\/","title":{"rendered":"Microscopie givr\u00e9e &#8211; Lames de microscope"},"excerpt":{"rendered":"<ul>\n<li data-start=\"36\" data-end=\"152\"><strong data-start=\"38\" data-end=\"111\">Recommand\u00e9 pour l&rsquo;\u00e9tiquetage avec des syst\u00e8mes d&rsquo;\u00e9tiquetage conventionnels<\/strong>, comme le crayon ou le stylo marqueur.<\/li>\n<li data-start=\"153\" data-end=\"330\"><strong data-start=\"155\" data-end=\"190\">Les lames \u00e0 double cong\u00e9lation<\/strong> r\u00e9duisent consid\u00e9rablement la charge de travail par rapport aux lames \u00e0 simple cong\u00e9lation, car elles permettent une manipulation plus flexible.<\/li>\n<li data-start=\"331\" data-end=\"474\" data-is-only-node=\"\"><strong data-start=\"333\" data-end=\"376\">Zone givr\u00e9e d&rsquo;environ 20 mm de profondeur<\/strong>, r\u00e9sistante \u00e0 tous les produits chimiques courants et aux colorations de routine utilis\u00e9es en laboratoire.<\/li>\n<li data-start=\"475\" data-end=\"552\"><strong data-start=\"477\" data-end=\"500\">Les bords biseaut\u00e9s<\/strong> offrent une s\u00e9curit\u00e9 maximale pour les travaux manuels.<\/li>\n<li data-start=\"553\" data-end=\"651\"><strong data-start=\"555\" data-end=\"589\">Le verre super blanc de haute qualit\u00e9<\/strong> assure une plus grande transparence et une \u00e9paisseur plus uniforme.<\/li>\n<\/ul>\n","protected":false},"featured_media":3311,"comment_status":"closed","ping_status":"closed","template":"","meta":{"_acf_changed":false},"product_brand":[],"product_cat":[],"product_tag":[],"class_list":{"0":"post-3307","1":"product","2":"type-product","3":"status-publish","4":"has-post-thumbnail","7":"first","8":"instock","9":"shipping-taxable","10":"product-type-simple"},"acf":[],"_links":{"self":[{"href":"https:\/\/pathotec.ch\/fr\/wp-json\/wp\/v2\/product\/3307","targetHints":{"allow":["GET"]}}],"collection":[{"href":"https:\/\/pathotec.ch\/fr\/wp-json\/wp\/v2\/product"}],"about":[{"href":"https:\/\/pathotec.ch\/fr\/wp-json\/wp\/v2\/types\/product"}],"replies":[{"embeddable":true,"href":"https:\/\/pathotec.ch\/fr\/wp-json\/wp\/v2\/comments?post=3307"}],"wp:featuredmedia":[{"embeddable":true,"href":"https:\/\/pathotec.ch\/fr\/wp-json\/wp\/v2\/media\/3311"}],"wp:attachment":[{"href":"https:\/\/pathotec.ch\/fr\/wp-json\/wp\/v2\/media?parent=3307"}],"wp:term":[{"taxonomy":"product_brand","embeddable":true,"href":"https:\/\/pathotec.ch\/fr\/wp-json\/wp\/v2\/product_brand?post=3307"},{"taxonomy":"product_cat","embeddable":true,"href":"https:\/\/pathotec.ch\/fr\/wp-json\/wp\/v2\/product_cat?post=3307"},{"taxonomy":"product_tag","embeddable":true,"href":"https:\/\/pathotec.ch\/fr\/wp-json\/wp\/v2\/product_tag?post=3307"}],"curies":[{"name":"wp","href":"https:\/\/api.w.org\/{rel}","templated":true}]}}