{"id":3303,"date":"2025-03-06T17:14:38","date_gmt":"2025-03-06T16:14:38","guid":{"rendered":"https:\/\/pathotec.ch\/produkt\/lames-de-microscope-simples\/"},"modified":"2025-03-06T18:06:37","modified_gmt":"2025-03-06T17:06:37","slug":"lames-de-microscope-simples","status":"publish","type":"product","link":"https:\/\/pathotec.ch\/fr\/produkt\/lames-de-microscope-simples\/","title":{"rendered":"Lames de microscope simples"},"excerpt":{"rendered":"<ul>\n<li data-start=\"32\" data-end=\"137\"><strong data-start=\"34\" data-end=\"64\">Lames pr\u00e9-nettoy\u00e9es<\/strong> pour \u00e9liminer les contaminants et am\u00e9liorer la mouillabilit\u00e9.<\/li>\n<li data-start=\"138\" data-end=\"215\"><strong data-start=\"140\" data-end=\"163\">Les bords biseaut\u00e9s<\/strong> offrent une s\u00e9curit\u00e9 maximale pour les travaux manuels.<\/li>\n<li data-start=\"216\" data-end=\"342\"><strong data-start=\"218\" data-end=\"239\">Verre de haute<\/strong> qualit\u00e9 super, r\u00e9pond \u00e0 une plus grande transparence.<\/li>\n<li data-start=\"216\" data-end=\"342\"><strong data-start=\"344\" data-end=\"417\">Recommand\u00e9 pour l&rsquo;\u00e9tiquetage avec des syst\u00e8mes d&rsquo;\u00e9tiquetage conventionnels<\/strong>, ne convient pas pour l&rsquo;impression directe ou l&rsquo;\u00e9tiquetage direct.<\/li>\n<\/ul>\n","protected":false},"featured_media":3302,"comment_status":"closed","ping_status":"closed","template":"","meta":{"_acf_changed":false},"product_brand":[],"product_cat":[146,113,150,125],"product_tag":[],"class_list":{"0":"post-3303","1":"product","2":"type-product","3":"status-publish","4":"has-post-thumbnail","6":"product_cat-coloration-recouvrement","7":"product_cat-consommables","8":"product_cat-microscopie","9":"product_cat-poste-de-microtome-fr","11":"first","12":"instock","13":"taxable","14":"shipping-taxable","15":"product-type-simple"},"acf":[],"_links":{"self":[{"href":"https:\/\/pathotec.ch\/fr\/wp-json\/wp\/v2\/product\/3303","targetHints":{"allow":["GET"]}}],"collection":[{"href":"https:\/\/pathotec.ch\/fr\/wp-json\/wp\/v2\/product"}],"about":[{"href":"https:\/\/pathotec.ch\/fr\/wp-json\/wp\/v2\/types\/product"}],"replies":[{"embeddable":true,"href":"https:\/\/pathotec.ch\/fr\/wp-json\/wp\/v2\/comments?post=3303"}],"wp:featuredmedia":[{"embeddable":true,"href":"https:\/\/pathotec.ch\/fr\/wp-json\/wp\/v2\/media\/3302"}],"wp:attachment":[{"href":"https:\/\/pathotec.ch\/fr\/wp-json\/wp\/v2\/media?parent=3303"}],"wp:term":[{"taxonomy":"product_brand","embeddable":true,"href":"https:\/\/pathotec.ch\/fr\/wp-json\/wp\/v2\/product_brand?post=3303"},{"taxonomy":"product_cat","embeddable":true,"href":"https:\/\/pathotec.ch\/fr\/wp-json\/wp\/v2\/product_cat?post=3303"},{"taxonomy":"product_tag","embeddable":true,"href":"https:\/\/pathotec.ch\/fr\/wp-json\/wp\/v2\/product_tag?post=3303"}],"curies":[{"name":"wp","href":"https:\/\/api.w.org\/{rel}","templated":true}]}}