{"id":3196,"date":"2025-02-05T20:05:03","date_gmt":"2025-02-05T19:05:03","guid":{"rendered":"https:\/\/pathotec.ch\/produkt\/cassettes-dinclusion-pour-biopsie-uni-ii\/"},"modified":"2025-02-05T20:05:03","modified_gmt":"2025-02-05T19:05:03","slug":"cassettes-dinclusion-pour-biopsie-uni-ii","status":"publish","type":"product","link":"https:\/\/pathotec.ch\/fr\/produkt\/cassettes-dinclusion-pour-biopsie-uni-ii\/","title":{"rendered":"Cassettes d&rsquo;inclusion pour biopsie UNI II"},"excerpt":{"rendered":"<p>Nous proposons une large gamme de mod\u00e8les de cassettes pour le traitement et l&rsquo;inclusion d&rsquo;\u00e9chantillons de tissus histologiques.<br \/>\nVous trouverez \u00e0 coup s\u00fbr le produit adapt\u00e9 \u00e0 votre imprimante dans notre gamme.<br \/>\nN&rsquo;h\u00e9sitez pas \u00e0 parcourir notre offre ou \u00e0 nous contacter &#8211; nous vous aiderons toujours \u00e0 choisir la cassette id\u00e9ale.  <\/p>\n","protected":false},"featured_media":3189,"comment_status":"open","ping_status":"closed","template":"","meta":{"_acf_changed":false},"product_brand":[],"product_cat":[113,123],"product_tag":[],"class_list":{"0":"post-3196","1":"product","2":"type-product","3":"status-publish","4":"has-post-thumbnail","6":"product_cat-consommables","7":"product_cat-reception-dechantillons-macroscopie-fr","9":"first","10":"instock","11":"taxable","12":"shipping-taxable","13":"product-type-simple"},"acf":[],"_links":{"self":[{"href":"https:\/\/pathotec.ch\/fr\/wp-json\/wp\/v2\/product\/3196","targetHints":{"allow":["GET"]}}],"collection":[{"href":"https:\/\/pathotec.ch\/fr\/wp-json\/wp\/v2\/product"}],"about":[{"href":"https:\/\/pathotec.ch\/fr\/wp-json\/wp\/v2\/types\/product"}],"replies":[{"embeddable":true,"href":"https:\/\/pathotec.ch\/fr\/wp-json\/wp\/v2\/comments?post=3196"}],"wp:featuredmedia":[{"embeddable":true,"href":"https:\/\/pathotec.ch\/fr\/wp-json\/wp\/v2\/media\/3189"}],"wp:attachment":[{"href":"https:\/\/pathotec.ch\/fr\/wp-json\/wp\/v2\/media?parent=3196"}],"wp:term":[{"taxonomy":"product_brand","embeddable":true,"href":"https:\/\/pathotec.ch\/fr\/wp-json\/wp\/v2\/product_brand?post=3196"},{"taxonomy":"product_cat","embeddable":true,"href":"https:\/\/pathotec.ch\/fr\/wp-json\/wp\/v2\/product_cat?post=3196"},{"taxonomy":"product_tag","embeddable":true,"href":"https:\/\/pathotec.ch\/fr\/wp-json\/wp\/v2\/product_tag?post=3196"}],"curies":[{"name":"wp","href":"https:\/\/api.w.org\/{rel}","templated":true}]}}