{"id":3102,"date":"2025-02-05T16:54:33","date_gmt":"2025-02-05T15:54:33","guid":{"rendered":"https:\/\/pathotec.ch\/produkt\/cassettes-dinclusion-pour-biopsie\/"},"modified":"2025-03-31T17:02:11","modified_gmt":"2025-03-31T15:02:11","slug":"cassettes-dinclusion-pour-biopsie","status":"publish","type":"product","link":"https:\/\/pathotec.ch\/fr\/produkt\/cassettes-dinclusion-pour-biopsie\/","title":{"rendered":"Cassettes d&rsquo;inclusion pour biopsie UNI I"},"excerpt":{"rendered":"<p>Nous proposons une large gamme de mod\u00e8les de cassettes pour le traitement et l&rsquo;inclusion d&rsquo;\u00e9chantillons de tissus histologiques.<br \/>\nVous trouverez \u00e0 coup s\u00fbr le produit adapt\u00e9 \u00e0 votre imprimante dans notre gamme.<br \/>\nN&rsquo;h\u00e9sitez pas \u00e0 parcourir notre offre ou \u00e0 nous contacter &#8211; nous vous aiderons toujours \u00e0 choisir la cassette id\u00e9ale.  <\/p>\n","protected":false},"featured_media":3212,"comment_status":"closed","ping_status":"closed","template":"","meta":{"_acf_changed":false},"product_brand":[],"product_cat":[113,123],"product_tag":[167,160,168,169],"class_list":{"0":"post-3102","1":"product","2":"type-product","3":"status-publish","4":"has-post-thumbnail","6":"product_cat-consommables","7":"product_cat-reception-dechantillons-macroscopie-fr","8":"product_tag-biopsie-fr","9":"product_tag-cassettes-fr","10":"product_tag-cassettes-denrobage","11":"product_tag-histologie-fr","13":"first","14":"instock","15":"shipping-taxable","16":"product-type-simple"},"acf":[],"_links":{"self":[{"href":"https:\/\/pathotec.ch\/fr\/wp-json\/wp\/v2\/product\/3102","targetHints":{"allow":["GET"]}}],"collection":[{"href":"https:\/\/pathotec.ch\/fr\/wp-json\/wp\/v2\/product"}],"about":[{"href":"https:\/\/pathotec.ch\/fr\/wp-json\/wp\/v2\/types\/product"}],"replies":[{"embeddable":true,"href":"https:\/\/pathotec.ch\/fr\/wp-json\/wp\/v2\/comments?post=3102"}],"wp:featuredmedia":[{"embeddable":true,"href":"https:\/\/pathotec.ch\/fr\/wp-json\/wp\/v2\/media\/3212"}],"wp:attachment":[{"href":"https:\/\/pathotec.ch\/fr\/wp-json\/wp\/v2\/media?parent=3102"}],"wp:term":[{"taxonomy":"product_brand","embeddable":true,"href":"https:\/\/pathotec.ch\/fr\/wp-json\/wp\/v2\/product_brand?post=3102"},{"taxonomy":"product_cat","embeddable":true,"href":"https:\/\/pathotec.ch\/fr\/wp-json\/wp\/v2\/product_cat?post=3102"},{"taxonomy":"product_tag","embeddable":true,"href":"https:\/\/pathotec.ch\/fr\/wp-json\/wp\/v2\/product_tag?post=3102"}],"curies":[{"name":"wp","href":"https:\/\/api.w.org\/{rel}","templated":true}]}}