{"id":3078,"date":"2025-01-09T18:04:26","date_gmt":"2025-01-09T17:04:26","guid":{"rendered":"https:\/\/pathotec.ch\/produkt\/cassette-denrobage-standard\/"},"modified":"2025-03-31T16:57:53","modified_gmt":"2025-03-31T14:57:53","slug":"cassette-denrobage-standard","status":"publish","type":"product","link":"https:\/\/pathotec.ch\/fr\/produkt\/cassette-denrobage-standard\/","title":{"rendered":"Cassettes d&rsquo;enrobage de tissu Standard"},"excerpt":{"rendered":"<p>Nous proposons une large gamme de mod\u00e8les de cassettes pour le traitement et l&rsquo;inclusion d&rsquo;\u00e9chantillons de tissus histologiques.<br \/>\nVous trouverez \u00e0 coup s\u00fbr le produit adapt\u00e9 \u00e0 votre imprimante dans notre gamme.<br \/>\nN&rsquo;h\u00e9sitez pas \u00e0 parcourir notre offre ou \u00e0 nous contacter &#8211; nous vous aiderons toujours \u00e0 choisir la cassette id\u00e9ale.  <\/p>\n","protected":false},"featured_media":3178,"comment_status":"closed","ping_status":"closed","template":"","meta":{"_acf_changed":false},"product_brand":[],"product_cat":[113,123],"product_tag":[160,168,169,176,175],"class_list":{"0":"post-3078","1":"product","2":"type-product","3":"status-publish","4":"has-post-thumbnail","6":"product_cat-consommables","7":"product_cat-reception-dechantillons-macroscopie-fr","8":"product_tag-cassettes-fr","9":"product_tag-cassettes-denrobage","10":"product_tag-histologie-fr","11":"product_tag-imprimante","12":"product_tag-macroscopie","14":"first","15":"instock","16":"shipping-taxable","17":"product-type-simple"},"acf":[],"_links":{"self":[{"href":"https:\/\/pathotec.ch\/fr\/wp-json\/wp\/v2\/product\/3078","targetHints":{"allow":["GET"]}}],"collection":[{"href":"https:\/\/pathotec.ch\/fr\/wp-json\/wp\/v2\/product"}],"about":[{"href":"https:\/\/pathotec.ch\/fr\/wp-json\/wp\/v2\/types\/product"}],"replies":[{"embeddable":true,"href":"https:\/\/pathotec.ch\/fr\/wp-json\/wp\/v2\/comments?post=3078"}],"wp:featuredmedia":[{"embeddable":true,"href":"https:\/\/pathotec.ch\/fr\/wp-json\/wp\/v2\/media\/3178"}],"wp:attachment":[{"href":"https:\/\/pathotec.ch\/fr\/wp-json\/wp\/v2\/media?parent=3078"}],"wp:term":[{"taxonomy":"product_brand","embeddable":true,"href":"https:\/\/pathotec.ch\/fr\/wp-json\/wp\/v2\/product_brand?post=3078"},{"taxonomy":"product_cat","embeddable":true,"href":"https:\/\/pathotec.ch\/fr\/wp-json\/wp\/v2\/product_cat?post=3078"},{"taxonomy":"product_tag","embeddable":true,"href":"https:\/\/pathotec.ch\/fr\/wp-json\/wp\/v2\/product_tag?post=3078"}],"curies":[{"name":"wp","href":"https:\/\/api.w.org\/{rel}","templated":true}]}}