{"id":2953,"date":"2025-01-01T19:15:32","date_gmt":"2025-01-01T18:15:32","guid":{"rendered":"https:\/\/pathotec.ch\/produkt\/films-adhesifs-pour-ihc\/"},"modified":"2025-01-03T21:27:43","modified_gmt":"2025-01-03T20:27:43","slug":"films-adhesifs-pour-ihc","status":"publish","type":"product","link":"https:\/\/pathotec.ch\/fr\/produkt\/films-adhesifs-pour-ihc\/","title":{"rendered":"Lames pour IHC (PCI)"},"excerpt":{"rendered":"<p>Les lames Color-PLUSTM PCI ont \u00e9t\u00e9 sp\u00e9cialement con\u00e7ues pour la coloration automatis\u00e9e IHC (par ex. avec les appareils Roche Ventana).<br \/>\nIls offrent une surface enduite de couleur chimiquement r\u00e9sistante, une excellente adh\u00e9rence et conviennent \u00e0 diff\u00e9rents syst\u00e8mes de coloration et d&rsquo;\u00e9tiquetage. <\/p>\n","protected":false},"featured_media":2877,"comment_status":"closed","ping_status":"closed","template":"","meta":{"_acf_changed":false},"product_brand":[],"product_cat":[113,148,125],"product_tag":[],"class_list":{"0":"post-2953","1":"product","2":"type-product","3":"status-publish","4":"has-post-thumbnail","6":"product_cat-consommables","7":"product_cat-immunohistochimie-fr","8":"product_cat-poste-de-microtome-fr","10":"first","11":"instock","12":"taxable","13":"shipping-taxable","14":"product-type-simple"},"acf":[],"_links":{"self":[{"href":"https:\/\/pathotec.ch\/fr\/wp-json\/wp\/v2\/product\/2953","targetHints":{"allow":["GET"]}}],"collection":[{"href":"https:\/\/pathotec.ch\/fr\/wp-json\/wp\/v2\/product"}],"about":[{"href":"https:\/\/pathotec.ch\/fr\/wp-json\/wp\/v2\/types\/product"}],"replies":[{"embeddable":true,"href":"https:\/\/pathotec.ch\/fr\/wp-json\/wp\/v2\/comments?post=2953"}],"wp:featuredmedia":[{"embeddable":true,"href":"https:\/\/pathotec.ch\/fr\/wp-json\/wp\/v2\/media\/2877"}],"wp:attachment":[{"href":"https:\/\/pathotec.ch\/fr\/wp-json\/wp\/v2\/media?parent=2953"}],"wp:term":[{"taxonomy":"product_brand","embeddable":true,"href":"https:\/\/pathotec.ch\/fr\/wp-json\/wp\/v2\/product_brand?post=2953"},{"taxonomy":"product_cat","embeddable":true,"href":"https:\/\/pathotec.ch\/fr\/wp-json\/wp\/v2\/product_cat?post=2953"},{"taxonomy":"product_tag","embeddable":true,"href":"https:\/\/pathotec.ch\/fr\/wp-json\/wp\/v2\/product_tag?post=2953"}],"curies":[{"name":"wp","href":"https:\/\/api.w.org\/{rel}","templated":true}]}}