{"id":2946,"date":"2025-01-01T18:54:34","date_gmt":"2025-01-01T17:54:34","guid":{"rendered":"https:\/\/pathotec.ch\/produkt\/transparents-pour-imprimantes-laser\/"},"modified":"2025-03-06T17:52:13","modified_gmt":"2025-03-06T16:52:13","slug":"transparents-pour-imprimantes-laser","status":"publish","type":"product","link":"https:\/\/pathotec.ch\/fr\/produkt\/transparents-pour-imprimantes-laser\/","title":{"rendered":"Lames de microscope pour imprimantes laser et \u00e0 ruban"},"excerpt":{"rendered":"<p>Les lames standard Pathotec sont id\u00e9ales pour les colorations H&amp;E et toutes les colorations sp\u00e9ciales r\u00e9alis\u00e9es en laboratoire. Le verre Superwhite sp\u00e9cialement trait\u00e9 favorise un diagnostic pr\u00e9cis, efficace et sans effort, que l&rsquo;examen soit r\u00e9alis\u00e9 \u00e0 l&rsquo;aide d&rsquo;un scanner num\u00e9rique ou de mani\u00e8re traditionnelle au microscope. <\/p>\n","protected":false},"featured_media":2935,"comment_status":"closed","ping_status":"closed","template":"","meta":{"_acf_changed":false},"product_brand":[],"product_cat":[146,113,150,125],"product_tag":[],"class_list":{"0":"post-2946","1":"product","2":"type-product","3":"status-publish","4":"has-post-thumbnail","6":"product_cat-coloration-recouvrement","7":"product_cat-consommables","8":"product_cat-microscopie","9":"product_cat-poste-de-microtome-fr","11":"first","12":"instock","13":"taxable","14":"shipping-taxable","15":"product-type-simple"},"acf":[],"_links":{"self":[{"href":"https:\/\/pathotec.ch\/fr\/wp-json\/wp\/v2\/product\/2946","targetHints":{"allow":["GET"]}}],"collection":[{"href":"https:\/\/pathotec.ch\/fr\/wp-json\/wp\/v2\/product"}],"about":[{"href":"https:\/\/pathotec.ch\/fr\/wp-json\/wp\/v2\/types\/product"}],"replies":[{"embeddable":true,"href":"https:\/\/pathotec.ch\/fr\/wp-json\/wp\/v2\/comments?post=2946"}],"wp:featuredmedia":[{"embeddable":true,"href":"https:\/\/pathotec.ch\/fr\/wp-json\/wp\/v2\/media\/2935"}],"wp:attachment":[{"href":"https:\/\/pathotec.ch\/fr\/wp-json\/wp\/v2\/media?parent=2946"}],"wp:term":[{"taxonomy":"product_brand","embeddable":true,"href":"https:\/\/pathotec.ch\/fr\/wp-json\/wp\/v2\/product_brand?post=2946"},{"taxonomy":"product_cat","embeddable":true,"href":"https:\/\/pathotec.ch\/fr\/wp-json\/wp\/v2\/product_cat?post=2946"},{"taxonomy":"product_tag","embeddable":true,"href":"https:\/\/pathotec.ch\/fr\/wp-json\/wp\/v2\/product_tag?post=2946"}],"curies":[{"name":"wp","href":"https:\/\/api.w.org\/{rel}","templated":true}]}}