{"id":2942,"date":"2024-12-31T18:19:34","date_gmt":"2024-12-31T17:19:34","guid":{"rendered":"https:\/\/pathotec.ch\/produkt\/films-pour-imprimantes-ink\/"},"modified":"2025-01-10T20:49:00","modified_gmt":"2025-01-10T19:49:00","slug":"films-pour-imprimantes-ink","status":"publish","type":"product","link":"https:\/\/pathotec.ch\/fr\/produkt\/films-pour-imprimantes-ink\/","title":{"rendered":"Lames pour imprimantes INK"},"excerpt":{"rendered":"<p>Id\u00e9al pour les imprimantes de lames \u00e0 jet d&rsquo;encre IPS (Leica\/Sakura). Ces lames avec une surface d&rsquo;\u00e9tiquetage r\u00e9sistante aux produits chimiques et des bords biseaut\u00e9s s\u00fbrs sont parfaitement adapt\u00e9es aux exigences du flux de travail du laboratoire. Une surface givr\u00e9e color\u00e9e d&rsquo;environ 20 mm de profondeur sur un c\u00f4t\u00e9 frontal offre suffisamment d&rsquo;espace pour une inscription claire et durable. La surface sp\u00e9ciale r\u00e9siste \u00e0 tous les produits chimiques utilis\u00e9s en laboratoire ainsi qu&rsquo;aux salissures de routine et reste lisible de mani\u00e8re fiable m\u00eame dans des conditions exigeantes. Les bords biseaut\u00e9s garantissent une manipulation s\u00fbre et minimisent le risque de blessure.<\/p>\n","protected":false},"featured_media":2935,"comment_status":"closed","ping_status":"closed","template":"","meta":{"_acf_changed":false},"product_brand":[],"product_cat":[113,125],"product_tag":[],"class_list":{"0":"post-2942","1":"product","2":"type-product","3":"status-publish","4":"has-post-thumbnail","6":"product_cat-consommables","7":"product_cat-poste-de-microtome-fr","9":"first","10":"instock","11":"shipping-taxable","12":"product-type-simple"},"acf":[],"_links":{"self":[{"href":"https:\/\/pathotec.ch\/fr\/wp-json\/wp\/v2\/product\/2942","targetHints":{"allow":["GET"]}}],"collection":[{"href":"https:\/\/pathotec.ch\/fr\/wp-json\/wp\/v2\/product"}],"about":[{"href":"https:\/\/pathotec.ch\/fr\/wp-json\/wp\/v2\/types\/product"}],"replies":[{"embeddable":true,"href":"https:\/\/pathotec.ch\/fr\/wp-json\/wp\/v2\/comments?post=2942"}],"wp:featuredmedia":[{"embeddable":true,"href":"https:\/\/pathotec.ch\/fr\/wp-json\/wp\/v2\/media\/2935"}],"wp:attachment":[{"href":"https:\/\/pathotec.ch\/fr\/wp-json\/wp\/v2\/media?parent=2942"}],"wp:term":[{"taxonomy":"product_brand","embeddable":true,"href":"https:\/\/pathotec.ch\/fr\/wp-json\/wp\/v2\/product_brand?post=2942"},{"taxonomy":"product_cat","embeddable":true,"href":"https:\/\/pathotec.ch\/fr\/wp-json\/wp\/v2\/product_cat?post=2942"},{"taxonomy":"product_tag","embeddable":true,"href":"https:\/\/pathotec.ch\/fr\/wp-json\/wp\/v2\/product_tag?post=2942"}],"curies":[{"name":"wp","href":"https:\/\/api.w.org\/{rel}","templated":true}]}}