{"id":2922,"date":"2024-12-31T14:31:07","date_gmt":"2024-12-31T13:31:07","guid":{"rendered":"https:\/\/pathotec.ch\/produkt\/emsl-103-couvercle-en-acier-inoxydable\/"},"modified":"2025-03-06T16:45:04","modified_gmt":"2025-03-06T15:45:04","slug":"emsl-103-couvercle-en-acier-inoxydable","status":"publish","type":"product","link":"https:\/\/pathotec.ch\/fr\/produkt\/emsl-103-couvercle-en-acier-inoxydable\/","title":{"rendered":"Couvercle en acier inoxydable"},"excerpt":{"rendered":"<p>Couvercle r\u00e9utilisable qui convient parfaitement aux cartouches standard EM103, EM108 et EM109, ainsi qu&rsquo;\u00e0 la plupart des autres cartouches standard du march\u00e9.<\/p>\n","protected":false},"featured_media":2914,"comment_status":"closed","ping_status":"closed","template":"","meta":{"_acf_changed":false},"product_brand":[],"product_cat":[123,113],"product_tag":[],"class_list":{"0":"post-2922","1":"product","2":"type-product","3":"status-publish","4":"has-post-thumbnail","6":"product_cat-reception-dechantillons-macroscopie-fr","7":"product_cat-consommables","9":"first","10":"instock","11":"taxable","12":"shipping-taxable","13":"product-type-simple"},"acf":[],"_links":{"self":[{"href":"https:\/\/pathotec.ch\/fr\/wp-json\/wp\/v2\/product\/2922","targetHints":{"allow":["GET"]}}],"collection":[{"href":"https:\/\/pathotec.ch\/fr\/wp-json\/wp\/v2\/product"}],"about":[{"href":"https:\/\/pathotec.ch\/fr\/wp-json\/wp\/v2\/types\/product"}],"replies":[{"embeddable":true,"href":"https:\/\/pathotec.ch\/fr\/wp-json\/wp\/v2\/comments?post=2922"}],"wp:featuredmedia":[{"embeddable":true,"href":"https:\/\/pathotec.ch\/fr\/wp-json\/wp\/v2\/media\/2914"}],"wp:attachment":[{"href":"https:\/\/pathotec.ch\/fr\/wp-json\/wp\/v2\/media?parent=2922"}],"wp:term":[{"taxonomy":"product_brand","embeddable":true,"href":"https:\/\/pathotec.ch\/fr\/wp-json\/wp\/v2\/product_brand?post=2922"},{"taxonomy":"product_cat","embeddable":true,"href":"https:\/\/pathotec.ch\/fr\/wp-json\/wp\/v2\/product_cat?post=2922"},{"taxonomy":"product_tag","embeddable":true,"href":"https:\/\/pathotec.ch\/fr\/wp-json\/wp\/v2\/product_tag?post=2922"}],"curies":[{"name":"wp","href":"https:\/\/api.w.org\/{rel}","templated":true}]}}