{"id":2894,"date":"2024-12-13T10:04:07","date_gmt":"2024-12-13T09:04:07","guid":{"rendered":"https:\/\/pathotec.ch\/produkt\/les-recipients-dexpedition-vides\/"},"modified":"2025-01-10T21:34:47","modified_gmt":"2025-01-10T20:34:47","slug":"les-recipients-dexpedition-vides","status":"publish","type":"product","link":"https:\/\/pathotec.ch\/fr\/produkt\/les-recipients-dexpedition-vides\/","title":{"rendered":"les r\u00e9cipients d&rsquo;exp\u00e9dition vides"},"excerpt":{"rendered":"<p>R\u00e9cipients pour \u00e9chantillons d&rsquo;histologie : id\u00e9aux pour la collecte, le stockage et le transport d&rsquo;\u00e9chantillons d&rsquo;histologie et de liquides.<\/p>\n","protected":false},"featured_media":2889,"comment_status":"closed","ping_status":"closed","template":"","meta":{"_acf_changed":false},"product_brand":[],"product_cat":[113,115,114],"product_tag":[],"class_list":{"0":"post-2894","1":"product","2":"type-product","3":"status-publish","4":"has-post-thumbnail","6":"product_cat-consommables","7":"product_cat-des-recipients-dexpedition-surs","8":"product_cat-prelevement-fixation","10":"first","11":"instock","12":"taxable","13":"shipping-taxable","14":"product-type-simple"},"acf":[],"_links":{"self":[{"href":"https:\/\/pathotec.ch\/fr\/wp-json\/wp\/v2\/product\/2894","targetHints":{"allow":["GET"]}}],"collection":[{"href":"https:\/\/pathotec.ch\/fr\/wp-json\/wp\/v2\/product"}],"about":[{"href":"https:\/\/pathotec.ch\/fr\/wp-json\/wp\/v2\/types\/product"}],"replies":[{"embeddable":true,"href":"https:\/\/pathotec.ch\/fr\/wp-json\/wp\/v2\/comments?post=2894"}],"wp:featuredmedia":[{"embeddable":true,"href":"https:\/\/pathotec.ch\/fr\/wp-json\/wp\/v2\/media\/2889"}],"wp:attachment":[{"href":"https:\/\/pathotec.ch\/fr\/wp-json\/wp\/v2\/media?parent=2894"}],"wp:term":[{"taxonomy":"product_brand","embeddable":true,"href":"https:\/\/pathotec.ch\/fr\/wp-json\/wp\/v2\/product_brand?post=2894"},{"taxonomy":"product_cat","embeddable":true,"href":"https:\/\/pathotec.ch\/fr\/wp-json\/wp\/v2\/product_cat?post=2894"},{"taxonomy":"product_tag","embeddable":true,"href":"https:\/\/pathotec.ch\/fr\/wp-json\/wp\/v2\/product_tag?post=2894"}],"curies":[{"name":"wp","href":"https:\/\/api.w.org\/{rel}","templated":true}]}}