{"id":2286,"date":"2024-11-30T12:57:51","date_gmt":"2024-11-30T11:57:51","guid":{"rendered":"https:\/\/pathotec.ch\/produkt\/iom8-microscope-numerique\/"},"modified":"2024-12-02T16:23:55","modified_gmt":"2024-12-02T15:23:55","slug":"iom8-microscope-numerique","status":"publish","type":"product","link":"https:\/\/pathotec.ch\/fr\/produkt\/iom8-microscope-numerique\/","title":{"rendered":"iO:M8 Microscope num\u00e9rique"},"excerpt":{"rendered":"<div class=\"elementor-element elementor-element-35876ae elementor-widget elementor-widget-heading\" data-id=\"35876ae\" data-element_type=\"widget\" data-widget_type=\"heading.default\">\n<div class=\"elementor-widget-container\">\n<p class=\"elementor-heading-title elementor-size-default\">La microscopie motoris\u00e9e en temps r\u00e9el, c&rsquo;est facile !<br \/>\nLe iO:M8 est un microscope num\u00e9rique enti\u00e8rement motoris\u00e9 pour une \u00e9valuation microscopique rapide. <\/p>\n<\/div>\n<\/div>\n","protected":false},"featured_media":2291,"comment_status":"closed","ping_status":"closed","template":"","meta":{"_acf_changed":false},"product_brand":[],"product_cat":[92,87],"product_tag":[],"class_list":{"0":"post-2286","1":"product","2":"type-product","3":"status-publish","4":"has-post-thumbnail","6":"product_cat-coupe-mohs-et-coupe-rapide","7":"product_cat-equipment-fr","9":"first","10":"instock","11":"taxable","12":"shipping-taxable","13":"product-type-simple"},"acf":[],"_links":{"self":[{"href":"https:\/\/pathotec.ch\/fr\/wp-json\/wp\/v2\/product\/2286","targetHints":{"allow":["GET"]}}],"collection":[{"href":"https:\/\/pathotec.ch\/fr\/wp-json\/wp\/v2\/product"}],"about":[{"href":"https:\/\/pathotec.ch\/fr\/wp-json\/wp\/v2\/types\/product"}],"replies":[{"embeddable":true,"href":"https:\/\/pathotec.ch\/fr\/wp-json\/wp\/v2\/comments?post=2286"}],"wp:featuredmedia":[{"embeddable":true,"href":"https:\/\/pathotec.ch\/fr\/wp-json\/wp\/v2\/media\/2291"}],"wp:attachment":[{"href":"https:\/\/pathotec.ch\/fr\/wp-json\/wp\/v2\/media?parent=2286"}],"wp:term":[{"taxonomy":"product_brand","embeddable":true,"href":"https:\/\/pathotec.ch\/fr\/wp-json\/wp\/v2\/product_brand?post=2286"},{"taxonomy":"product_cat","embeddable":true,"href":"https:\/\/pathotec.ch\/fr\/wp-json\/wp\/v2\/product_cat?post=2286"},{"taxonomy":"product_tag","embeddable":true,"href":"https:\/\/pathotec.ch\/fr\/wp-json\/wp\/v2\/product_tag?post=2286"}],"curies":[{"name":"wp","href":"https:\/\/api.w.org\/{rel}","templated":true}]}}