{"id":2256,"date":"2024-12-01T09:51:26","date_gmt":"2024-12-01T08:51:26","guid":{"rendered":"https:\/\/pathotec.ch\/produkt\/faerber-monoplan-kf-rf1\/"},"modified":"2024-12-11T12:36:12","modified_gmt":"2024-12-11T11:36:12","slug":"faerber-monoplan-kf-rf1","status":"publish","type":"product","link":"https:\/\/pathotec.ch\/fr\/produkt\/faerber-monoplan-kf-rf1\/","title":{"rendered":"Teindre et Couvrir KF-RF1"},"excerpt":{"rendered":"<p>Compacte et puissante, la machine de coloration et de montage aide les laboratoires \u00e0 optimiser leurs processus, \u00e0 r\u00e9duire le travail manuel et \u00e0 fournir des r\u00e9sultats coh\u00e9rents en mati\u00e8re de coloration et de montage.<\/p>\n","protected":false},"featured_media":2261,"comment_status":"closed","ping_status":"closed","template":"","meta":{"_acf_changed":false},"product_brand":[],"product_cat":[92,117,87,106],"product_tag":[],"class_list":{"0":"post-2256","1":"product","2":"type-product","3":"status-publish","4":"has-post-thumbnail","6":"product_cat-coupe-mohs-et-coupe-rapide","7":"product_cat-cytologie","8":"product_cat-equipment-fr","9":"product_cat-teindre-couvrir","11":"first","12":"instock","13":"taxable","14":"shipping-taxable","15":"product-type-simple"},"acf":[],"_links":{"self":[{"href":"https:\/\/pathotec.ch\/fr\/wp-json\/wp\/v2\/product\/2256","targetHints":{"allow":["GET"]}}],"collection":[{"href":"https:\/\/pathotec.ch\/fr\/wp-json\/wp\/v2\/product"}],"about":[{"href":"https:\/\/pathotec.ch\/fr\/wp-json\/wp\/v2\/types\/product"}],"replies":[{"embeddable":true,"href":"https:\/\/pathotec.ch\/fr\/wp-json\/wp\/v2\/comments?post=2256"}],"wp:featuredmedia":[{"embeddable":true,"href":"https:\/\/pathotec.ch\/fr\/wp-json\/wp\/v2\/media\/2261"}],"wp:attachment":[{"href":"https:\/\/pathotec.ch\/fr\/wp-json\/wp\/v2\/media?parent=2256"}],"wp:term":[{"taxonomy":"product_brand","embeddable":true,"href":"https:\/\/pathotec.ch\/fr\/wp-json\/wp\/v2\/product_brand?post=2256"},{"taxonomy":"product_cat","embeddable":true,"href":"https:\/\/pathotec.ch\/fr\/wp-json\/wp\/v2\/product_cat?post=2256"},{"taxonomy":"product_tag","embeddable":true,"href":"https:\/\/pathotec.ch\/fr\/wp-json\/wp\/v2\/product_tag?post=2256"}],"curies":[{"name":"wp","href":"https:\/\/api.w.org\/{rel}","templated":true}]}}