{"id":2226,"date":"2024-11-30T14:31:30","date_gmt":"2024-11-30T13:31:30","guid":{"rendered":"https:\/\/pathotec.ch\/produkt\/cytocentrifugeuse-cellspin\/"},"modified":"2024-12-11T12:34:19","modified_gmt":"2024-12-11T11:34:19","slug":"cytocentrifugeuse-cellspin","status":"publish","type":"product","link":"https:\/\/pathotec.ch\/fr\/produkt\/cytocentrifugeuse-cellspin\/","title":{"rendered":"Cytocentrifugeuse Cellspin"},"excerpt":{"rendered":"<p>Les cytocentrifugeuses <sup>Cellspin\u00ae<\/sup> de THARMAC allient rapidit\u00e9 et s\u00e9curit\u00e9 des r\u00e9sultats \u00e0 une grande simplicit\u00e9 d&rsquo;utilisation.<br \/>\nQu&rsquo;il s&rsquo;agisse de cytologie, d&rsquo;urologie, de microbiologie, d&rsquo;h\u00e9matologie, de virologie ou d&rsquo;oncologie, <sup>Cellspin\u00ae<\/sup> pr\u00e9pare tous les types de cellules en fonction de vos besoins.<br \/>\nFlexible et s\u00fbr !<\/p>\n","protected":false},"featured_media":2228,"comment_status":"closed","ping_status":"closed","template":"","meta":{"_acf_changed":false},"product_brand":[],"product_cat":[117,87],"product_tag":[],"class_list":{"0":"post-2226","1":"product","2":"type-product","3":"status-publish","4":"has-post-thumbnail","6":"product_cat-cytologie","7":"product_cat-equipment-fr","9":"first","10":"instock","11":"taxable","12":"shipping-taxable","13":"product-type-simple"},"acf":[],"_links":{"self":[{"href":"https:\/\/pathotec.ch\/fr\/wp-json\/wp\/v2\/product\/2226","targetHints":{"allow":["GET"]}}],"collection":[{"href":"https:\/\/pathotec.ch\/fr\/wp-json\/wp\/v2\/product"}],"about":[{"href":"https:\/\/pathotec.ch\/fr\/wp-json\/wp\/v2\/types\/product"}],"replies":[{"embeddable":true,"href":"https:\/\/pathotec.ch\/fr\/wp-json\/wp\/v2\/comments?post=2226"}],"wp:featuredmedia":[{"embeddable":true,"href":"https:\/\/pathotec.ch\/fr\/wp-json\/wp\/v2\/media\/2228"}],"wp:attachment":[{"href":"https:\/\/pathotec.ch\/fr\/wp-json\/wp\/v2\/media?parent=2226"}],"wp:term":[{"taxonomy":"product_brand","embeddable":true,"href":"https:\/\/pathotec.ch\/fr\/wp-json\/wp\/v2\/product_brand?post=2226"},{"taxonomy":"product_cat","embeddable":true,"href":"https:\/\/pathotec.ch\/fr\/wp-json\/wp\/v2\/product_cat?post=2226"},{"taxonomy":"product_tag","embeddable":true,"href":"https:\/\/pathotec.ch\/fr\/wp-json\/wp\/v2\/product_tag?post=2226"}],"curies":[{"name":"wp","href":"https:\/\/api.w.org\/{rel}","templated":true}]}}