{"id":2157,"date":"2024-11-29T13:18:02","date_gmt":"2024-11-29T12:18:02","guid":{"rendered":"https:\/\/pathotec.ch\/produkt\/plaque-de-refroidissement-ec-500-1\/"},"modified":"2024-12-02T16:23:56","modified_gmt":"2024-12-02T15:23:56","slug":"plaque-de-refroidissement-ec-500-1","status":"publish","type":"product","link":"https:\/\/pathotec.ch\/fr\/produkt\/plaque-de-refroidissement-ec-500-1\/","title":{"rendered":"Plaque de refroidissement EC 500-1"},"excerpt":{"rendered":"<p>D\u00e9couvrez la solution id\u00e9ale pour votre laboratoire d&rsquo;histologie &#8211; notre puissante plaque r\u00e9frig\u00e9rante, sp\u00e9cialement con\u00e7ue pour r\u00e9pondre aux exigences de la pr\u00e9paration des tissus. Avec une plage de temp\u00e9rature r\u00e9glable de 0 \u00e0 -12 \u00baC et une r\u00e9partition uniforme de la temp\u00e9rature sur toute la surface, cette plaque de refroidissement assure un refroidissement optimal des cassettes et des moules.<\/p>\n","protected":false},"featured_media":2162,"comment_status":"closed","ping_status":"closed","template":"","meta":{"_acf_changed":false},"product_brand":[],"product_cat":[87,100,97],"product_tag":[],"class_list":{"0":"post-2157","1":"product","2":"type-product","3":"status-publish","4":"has-post-thumbnail","6":"product_cat-equipment-fr","7":"product_cat-poste-de-microtome","8":"product_cat-station-de-deversement-plaque-refrigerante","10":"first","11":"instock","12":"taxable","13":"shipping-taxable","14":"product-type-simple"},"acf":[],"_links":{"self":[{"href":"https:\/\/pathotec.ch\/fr\/wp-json\/wp\/v2\/product\/2157","targetHints":{"allow":["GET"]}}],"collection":[{"href":"https:\/\/pathotec.ch\/fr\/wp-json\/wp\/v2\/product"}],"about":[{"href":"https:\/\/pathotec.ch\/fr\/wp-json\/wp\/v2\/types\/product"}],"replies":[{"embeddable":true,"href":"https:\/\/pathotec.ch\/fr\/wp-json\/wp\/v2\/comments?post=2157"}],"wp:featuredmedia":[{"embeddable":true,"href":"https:\/\/pathotec.ch\/fr\/wp-json\/wp\/v2\/media\/2162"}],"wp:attachment":[{"href":"https:\/\/pathotec.ch\/fr\/wp-json\/wp\/v2\/media?parent=2157"}],"wp:term":[{"taxonomy":"product_brand","embeddable":true,"href":"https:\/\/pathotec.ch\/fr\/wp-json\/wp\/v2\/product_brand?post=2157"},{"taxonomy":"product_cat","embeddable":true,"href":"https:\/\/pathotec.ch\/fr\/wp-json\/wp\/v2\/product_cat?post=2157"},{"taxonomy":"product_tag","embeddable":true,"href":"https:\/\/pathotec.ch\/fr\/wp-json\/wp\/v2\/product_tag?post=2157"}],"curies":[{"name":"wp","href":"https:\/\/api.w.org\/{rel}","templated":true}]}}