{"id":2125,"date":"2024-11-29T09:24:00","date_gmt":"2024-11-29T08:24:00","guid":{"rendered":"https:\/\/pathotec.ch\/produkt\/microtome-m-240\/"},"modified":"2024-12-11T12:49:28","modified_gmt":"2024-12-11T11:49:28","slug":"microtome-m-240","status":"publish","type":"product","link":"https:\/\/pathotec.ch\/fr\/produkt\/microtome-m-240\/","title":{"rendered":"Microtome M-240"},"excerpt":{"rendered":"<p>Le microtome semi-automatique M-240 de Myr utilise une technologie de pointe et incarne l&rsquo;engagement de la soci\u00e9t\u00e9 en faveur de la qualit\u00e9 et de l&rsquo;excellence en microtomie.<\/p>\n","protected":false},"featured_media":2152,"comment_status":"closed","ping_status":"closed","template":"","meta":{"_acf_changed":false},"product_brand":[],"product_cat":[87,100],"product_tag":[],"class_list":{"0":"post-2125","1":"product","2":"type-product","3":"status-publish","4":"has-post-thumbnail","6":"product_cat-equipment-fr","7":"product_cat-poste-de-microtome","9":"first","10":"instock","11":"taxable","12":"shipping-taxable","13":"product-type-simple"},"acf":[],"_links":{"self":[{"href":"https:\/\/pathotec.ch\/fr\/wp-json\/wp\/v2\/product\/2125","targetHints":{"allow":["GET"]}}],"collection":[{"href":"https:\/\/pathotec.ch\/fr\/wp-json\/wp\/v2\/product"}],"about":[{"href":"https:\/\/pathotec.ch\/fr\/wp-json\/wp\/v2\/types\/product"}],"replies":[{"embeddable":true,"href":"https:\/\/pathotec.ch\/fr\/wp-json\/wp\/v2\/comments?post=2125"}],"wp:featuredmedia":[{"embeddable":true,"href":"https:\/\/pathotec.ch\/fr\/wp-json\/wp\/v2\/media\/2152"}],"wp:attachment":[{"href":"https:\/\/pathotec.ch\/fr\/wp-json\/wp\/v2\/media?parent=2125"}],"wp:term":[{"taxonomy":"product_brand","embeddable":true,"href":"https:\/\/pathotec.ch\/fr\/wp-json\/wp\/v2\/product_brand?post=2125"},{"taxonomy":"product_cat","embeddable":true,"href":"https:\/\/pathotec.ch\/fr\/wp-json\/wp\/v2\/product_cat?post=2125"},{"taxonomy":"product_tag","embeddable":true,"href":"https:\/\/pathotec.ch\/fr\/wp-json\/wp\/v2\/product_tag?post=2125"}],"curies":[{"name":"wp","href":"https:\/\/api.w.org\/{rel}","templated":true}]}}