{"id":2110,"date":"2024-11-28T15:34:06","date_gmt":"2024-11-28T14:34:06","guid":{"rendered":"https:\/\/pathotec.ch\/produkt\/station-de-deversement-ec-350\/"},"modified":"2024-12-11T12:51:28","modified_gmt":"2024-12-11T11:51:28","slug":"station-de-deversement-ec-350","status":"publish","type":"product","link":"https:\/\/pathotec.ch\/fr\/produkt\/station-de-deversement-ec-350\/","title":{"rendered":"Station de d\u00e9versement EC 350"},"excerpt":{"rendered":"<p>Le centre d&rsquo;enrobage de paraffine Myr EC 350 se distingue par son design ergonomique avec un espace de travail spacieux, une fonction de minuterie \u00e9conome en \u00e9nergie et un nettoyage facile. Dot\u00e9 d&rsquo;un grand r\u00e9servoir de paraffine de 5 litres et d&rsquo;une console cryog\u00e9nique flexible en option, il offre une efficacit\u00e9 et une adaptabilit\u00e9 maximales \u00e0 tout laboratoire.<\/p>\n","protected":false},"featured_media":2122,"comment_status":"closed","ping_status":"closed","template":"","meta":{"_acf_changed":false},"product_brand":[],"product_cat":[87,97],"product_tag":[],"class_list":{"0":"post-2110","1":"product","2":"type-product","3":"status-publish","4":"has-post-thumbnail","6":"product_cat-equipment-fr","7":"product_cat-station-de-deversement-plaque-refrigerante","9":"first","10":"instock","11":"shipping-taxable","12":"product-type-simple"},"acf":[],"_links":{"self":[{"href":"https:\/\/pathotec.ch\/fr\/wp-json\/wp\/v2\/product\/2110","targetHints":{"allow":["GET"]}}],"collection":[{"href":"https:\/\/pathotec.ch\/fr\/wp-json\/wp\/v2\/product"}],"about":[{"href":"https:\/\/pathotec.ch\/fr\/wp-json\/wp\/v2\/types\/product"}],"replies":[{"embeddable":true,"href":"https:\/\/pathotec.ch\/fr\/wp-json\/wp\/v2\/comments?post=2110"}],"wp:featuredmedia":[{"embeddable":true,"href":"https:\/\/pathotec.ch\/fr\/wp-json\/wp\/v2\/media\/2122"}],"wp:attachment":[{"href":"https:\/\/pathotec.ch\/fr\/wp-json\/wp\/v2\/media?parent=2110"}],"wp:term":[{"taxonomy":"product_brand","embeddable":true,"href":"https:\/\/pathotec.ch\/fr\/wp-json\/wp\/v2\/product_brand?post=2110"},{"taxonomy":"product_cat","embeddable":true,"href":"https:\/\/pathotec.ch\/fr\/wp-json\/wp\/v2\/product_cat?post=2110"},{"taxonomy":"product_tag","embeddable":true,"href":"https:\/\/pathotec.ch\/fr\/wp-json\/wp\/v2\/product_tag?post=2110"}],"curies":[{"name":"wp","href":"https:\/\/api.w.org\/{rel}","templated":true}]}}