{"id":2013,"date":"2024-11-20T14:47:37","date_gmt":"2024-11-20T13:47:37","guid":{"rendered":"https:\/\/pathotec.ch\/services\/"},"modified":"2024-12-03T09:11:34","modified_gmt":"2024-12-03T08:11:34","slug":"services","status":"publish","type":"page","link":"https:\/\/pathotec.ch\/fr\/services\/","title":{"rendered":"Services"},"content":{"rendered":"<div class='breakdance'><section class=\"bde-section-2013-100 bde-section\">\n              \n  \n  \n\t\n\n\n\n<div class=\"section-container\"><div class=\"bde-columns-2013-101 bde-columns\"><div class=\"bde-column-2013-102 bde-column\">\n  \n  \n\t\n\n\n\n<h1 class=\"bde-heading-2013-103 bde-heading\">\nServices\n<\/h1>\n<\/div><div class=\"bde-column-2013-104 bde-column\">\n  \n  \n\t\n\n\n\n<div class=\"bde-text-2013-105 bde-text\">\nRestez inform\u00e9 des derniers produits, partenariats et d\u00e9veloppements de Pathotec AG. Nous vous informons \u00e9galement ici des \u00e9v\u00e9nements \u00e0 venir o\u00f9 vous pourrez nous rencontrer.\n<\/div><div class=\"bde-button-2013-106 bde-button bde-preset-560cb7e9-1dc9-4eba-9794-9e13e9ffd788\">\n    \n                        \n                        \n    \n    \n    \n    \n            \n                    \n            \n            \n\n    \n    \n    \n    \n    \n    <a class=\"breakdance-link button-atom button-atom--custom bde-button__button\" href=\"\/fr\/contact\/\" target=\"_self\" data-type=\"url\"  >\n\n    \n        <span class=\"button-atom__text\">Contactez-nous<\/span>\n\n        \n        \n                <\/a>\n\n    \n\n\n<\/div>\n<\/div><\/div><\/div>\n<\/section><section id=\"conseil-vente\" class=\"bde-section-2013-107 bde-section\">\n  \n  \n\t\n\n\n\n<div class=\"section-container\"><div class=\"bde-columns-2013-108 bde-columns\"><div id=\"beratung-verkauf\" class=\"bde-column-2013-109 bde-column\">\n  \n  \n\t\n\n\n\n<h2 class=\"bde-heading-2013-110 bde-heading\">\nConseil & Vente\n<\/h2><div class=\"bde-text-2013-111 bde-text\">\nNous vous aidons \u00e0 trouver les produits adapt\u00e9s \u00e0 vos besoins. Notre \u00e9quipe vous conseille de mani\u00e8re personnalis\u00e9e pour que vous puissiez \u00e9tablir des diagnostics de mani\u00e8re simple, s\u00fbre et efficace. Ensemble, nous trouverons la meilleure solution pour vous !\n<\/div><div class=\"bde-icon-list-2013-112 bde-icon-list bde-icon-list--background\">\n<ul>\n  \n              \n    <li>\n              <div class='bde-icon-list__item-wrapper'>\n      \n      <span class='bde-icon-list__icon'>\n        <svg xmlns=\"http:\/\/www.w3.org\/2000\/svg\" version=\"1.1\" width=\"47\" height=\"32\" viewBox=\"0 0 47 32\">\r\n<path d=\"M45.88 4.733l-27.387 26.027c-0.427 0.4-1 0.627-1.613 0.627s-1.187-0.227-1.613-0.627l-13.693-13.013c-0.373-0.413-0.573-0.947-0.547-1.493s0.267-1.067 0.667-1.453c0.4-0.387 0.947-0.613 1.52-0.64s1.133 0.16 1.573 0.52l12.080 11.467 25.773-24.507c0.44-0.36 1-0.547 1.573-0.52s1.12 0.253 1.52 0.64c0.4 0.387 0.64 0.907 0.667 1.453s-0.173 1.080-0.547 1.493l0.027 0.027z\"\/>\r\n<\/svg>\n      <\/span>\n      <span class='bde-icon-list__text' >\n      Conseil personnalis\u00e9, parfaitement adapt\u00e9 \u00e0 vos besoins\n      <\/span>\n              <\/div>\n      \n    <\/li>\n\n  \n              \n    <li>\n              <div class='bde-icon-list__item-wrapper'>\n      \n      <span class='bde-icon-list__icon'>\n        <svg xmlns=\"http:\/\/www.w3.org\/2000\/svg\" version=\"1.1\" width=\"47\" height=\"32\" viewBox=\"0 0 47 32\">\r\n<path d=\"M45.88 4.733l-27.387 26.027c-0.427 0.4-1 0.627-1.613 0.627s-1.187-0.227-1.613-0.627l-13.693-13.013c-0.373-0.413-0.573-0.947-0.547-1.493s0.267-1.067 0.667-1.453c0.4-0.387 0.947-0.613 1.52-0.64s1.133 0.16 1.573 0.52l12.080 11.467 25.773-24.507c0.44-0.36 1-0.547 1.573-0.52s1.12 0.253 1.52 0.64c0.4 0.387 0.64 0.907 0.667 1.453s-0.173 1.080-0.547 1.493l0.027 0.027z\"\/>\r\n<\/svg>\n      <\/span>\n      <span class='bde-icon-list__text' >\n      Assistance par des experts exp\u00e9riment\u00e9s\n      <\/span>\n              <\/div>\n      \n    <\/li>\n\n  \n              \n    <li>\n              <div class='bde-icon-list__item-wrapper'>\n      \n      <span class='bde-icon-list__icon'>\n        <svg xmlns=\"http:\/\/www.w3.org\/2000\/svg\" version=\"1.1\" width=\"47\" height=\"32\" viewBox=\"0 0 47 32\">\r\n<path d=\"M45.88 4.733l-27.387 26.027c-0.427 0.4-1 0.627-1.613 0.627s-1.187-0.227-1.613-0.627l-13.693-13.013c-0.373-0.413-0.573-0.947-0.547-1.493s0.267-1.067 0.667-1.453c0.4-0.387 0.947-0.613 1.52-0.64s1.133 0.16 1.573 0.52l12.080 11.467 25.773-24.507c0.44-0.36 1-0.547 1.573-0.52s1.12 0.253 1.52 0.64c0.4 0.387 0.64 0.907 0.667 1.453s-0.173 1.080-0.547 1.493l0.027 0.027z\"\/>\r\n<\/svg>\n      <\/span>\n      <span class='bde-icon-list__text' >\n      Processus plus efficaces\n      <\/span>\n              <\/div>\n      \n    <\/li>\n\n  <\/ul>\n\n<\/div><div class=\"bde-button-2013-131 bde-button\">\n    \n                                    \n    \n    \n    \n    \n            \n                    \n            \n            \n\n    \n    \n    \n    \n    \n    <a class=\"breakdance-link button-atom button-atom--primary bde-button__button\" href=\"\/fr\/contact\/\" target=\"_self\" data-type=\"url\"  >\n\n    \n        <span class=\"button-atom__text\">Contactez-nous<\/span>\n\n        \n        \n                <\/a>\n\n    \n\n\n<\/div>\n<\/div><div class=\"bde-column-2013-114 bde-column\">\n  \n  \n\t\n\n\n\n<div class=\"bde-lottie-animation-2013-157 bde-lottie-animation\"><\/div>\n<\/div><\/div><\/div>\n<\/section><section id=\"service-reparation\" class=\"bde-section-2013-115 bde-section\">\n  \n  \n\t\n\n\n\n<div class=\"section-container\"><div class=\"bde-columns-2013-116 bde-columns\"><div class=\"bde-column-2013-122 bde-column\">\n  \n  \n\t\n\n\n\n<div class=\"bde-lottie-animation-2013-155 bde-lottie-animation\"><\/div>\n<\/div><div id=\"service-reparaturen\" class=\"bde-column-2013-117 bde-column\">\n  \n  \n\t\n\n\n\n<h2 class=\"bde-heading-2013-118 bde-heading\">\nTravaux de Service et de R\u00e9paration\n<\/h2><div class=\"bde-text-2013-119 bde-text\">\nPeu importe qu'il s'agisse de l'installation, de la maintenance ou de la r\u00e9paration \u2013 nous veillons \u00e0 ce que vos appareils fonctionnent parfaitement. Cela vous permet d'\u00e9viter des interruptions inutiles et de vous concentrer pleinement sur votre travail.\n<\/div><div class=\"bde-icon-list-2013-120 bde-icon-list bde-icon-list--background\">\n<ul>\n  \n              \n    <li>\n              <div class='bde-icon-list__item-wrapper'>\n      \n      <span class='bde-icon-list__icon'>\n        <svg xmlns=\"http:\/\/www.w3.org\/2000\/svg\" version=\"1.1\" width=\"47\" height=\"32\" viewBox=\"0 0 47 32\">\r\n<path d=\"M45.88 4.733l-27.387 26.027c-0.427 0.4-1 0.627-1.613 0.627s-1.187-0.227-1.613-0.627l-13.693-13.013c-0.373-0.413-0.573-0.947-0.547-1.493s0.267-1.067 0.667-1.453c0.4-0.387 0.947-0.613 1.52-0.64s1.133 0.16 1.573 0.52l12.080 11.467 25.773-24.507c0.44-0.36 1-0.547 1.573-0.52s1.12 0.253 1.52 0.64c0.4 0.387 0.64 0.907 0.667 1.453s-0.173 1.080-0.547 1.493l0.027 0.027z\"\/>\r\n<\/svg>\n      <\/span>\n      <span class='bde-icon-list__text' >\n      Assistance rapide en cas de probl\u00e8mes\n      <\/span>\n              <\/div>\n      \n    <\/li>\n\n  \n              \n    <li>\n              <div class='bde-icon-list__item-wrapper'>\n      \n      <span class='bde-icon-list__icon'>\n        <svg xmlns=\"http:\/\/www.w3.org\/2000\/svg\" version=\"1.1\" width=\"47\" height=\"32\" viewBox=\"0 0 47 32\">\r\n<path d=\"M45.88 4.733l-27.387 26.027c-0.427 0.4-1 0.627-1.613 0.627s-1.187-0.227-1.613-0.627l-13.693-13.013c-0.373-0.413-0.573-0.947-0.547-1.493s0.267-1.067 0.667-1.453c0.4-0.387 0.947-0.613 1.52-0.64s1.133 0.16 1.573 0.52l12.080 11.467 25.773-24.507c0.44-0.36 1-0.547 1.573-0.52s1.12 0.253 1.52 0.64c0.4 0.387 0.64 0.907 0.667 1.453s-0.173 1.080-0.547 1.493l0.027 0.027z\"\/>\r\n<\/svg>\n      <\/span>\n      <span class='bde-icon-list__text' >\n      Dur\u00e9e de vie prolong\u00e9e de vos appareils gr\u00e2ce \u00e0 un entretien r\u00e9gulier\n      <\/span>\n              <\/div>\n      \n    <\/li>\n\n  \n              \n    <li>\n              <div class='bde-icon-list__item-wrapper'>\n      \n      <span class='bde-icon-list__icon'>\n        <svg xmlns=\"http:\/\/www.w3.org\/2000\/svg\" version=\"1.1\" width=\"47\" height=\"32\" viewBox=\"0 0 47 32\">\r\n<path d=\"M45.88 4.733l-27.387 26.027c-0.427 0.4-1 0.627-1.613 0.627s-1.187-0.227-1.613-0.627l-13.693-13.013c-0.373-0.413-0.573-0.947-0.547-1.493s0.267-1.067 0.667-1.453c0.4-0.387 0.947-0.613 1.52-0.64s1.133 0.16 1.573 0.52l12.080 11.467 25.773-24.507c0.44-0.36 1-0.547 1.573-0.52s1.12 0.253 1.52 0.64c0.4 0.387 0.64 0.907 0.667 1.453s-0.173 1.080-0.547 1.493l0.027 0.027z\"\/>\r\n<\/svg>\n      <\/span>\n      <span class='bde-icon-list__text' >\n      Temps d'arr\u00eat minimis\u00e9s, productivit\u00e9 maximale\n      <\/span>\n              <\/div>\n      \n    <\/li>\n\n  <\/ul>\n\n<\/div><div class=\"bde-button-2013-158 bde-button\">\n    \n                                    \n    \n    \n    \n    \n            \n                    \n            \n            \n\n    \n    \n    \n    \n    \n    <a class=\"breakdance-link button-atom button-atom--primary bde-button__button\" href=\"\/fr\/contact\/\" target=\"_self\" data-type=\"url\"  >\n\n    \n        <span class=\"button-atom__text\">Contactez-nous<\/span>\n\n        \n        \n                <\/a>\n\n    \n\n\n<\/div>\n<\/div><\/div><\/div>\n<\/section><section id=\"lis-integration\" class=\"bde-section-2013-136 bde-section\">\n  \n  \n\t\n\n\n\n<div class=\"section-container\"><div class=\"bde-columns-2013-137 bde-columns\"><div id=\"beratung-verkauf\" class=\"bde-column-2013-138 bde-column\">\n  \n  \n\t\n\n\n\n<h2 class=\"bde-heading-2013-139 bde-heading\">\nLIS-Integration\n<\/h2><div class=\"bde-text-2013-140 bde-text\">\nProfitez de notre expertise dans l'int\u00e9gration des produits \u00e0 vos syst\u00e8mes d'information de laboratoire. Nous vous aidons \u00e0 optimiser vos flux de travail et \u00e0 renforcer la connectivit\u00e9 num\u00e9rique dans votre laboratoire.\n<\/div><div class=\"bde-icon-list-2013-141 bde-icon-list bde-icon-list--background\">\n<ul>\n  \n              \n    <li>\n              <div class='bde-icon-list__item-wrapper'>\n      \n      <span class='bde-icon-list__icon'>\n        <svg xmlns=\"http:\/\/www.w3.org\/2000\/svg\" version=\"1.1\" width=\"47\" height=\"32\" viewBox=\"0 0 47 32\">\r\n<path d=\"M45.88 4.733l-27.387 26.027c-0.427 0.4-1 0.627-1.613 0.627s-1.187-0.227-1.613-0.627l-13.693-13.013c-0.373-0.413-0.573-0.947-0.547-1.493s0.267-1.067 0.667-1.453c0.4-0.387 0.947-0.613 1.52-0.64s1.133 0.16 1.573 0.52l12.080 11.467 25.773-24.507c0.44-0.36 1-0.547 1.573-0.52s1.12 0.253 1.52 0.64c0.4 0.387 0.64 0.907 0.667 1.453s-0.173 1.080-0.547 1.493l0.027 0.027z\"\/>\r\n<\/svg>\n      <\/span>\n      <span class='bde-icon-list__text' >\n      Int\u00e9gration fluide dans les syst\u00e8mes existants\n      <\/span>\n              <\/div>\n      \n    <\/li>\n\n  \n              \n    <li>\n              <div class='bde-icon-list__item-wrapper'>\n      \n      <span class='bde-icon-list__icon'>\n        <svg xmlns=\"http:\/\/www.w3.org\/2000\/svg\" version=\"1.1\" width=\"47\" height=\"32\" viewBox=\"0 0 47 32\">\r\n<path d=\"M45.88 4.733l-27.387 26.027c-0.427 0.4-1 0.627-1.613 0.627s-1.187-0.227-1.613-0.627l-13.693-13.013c-0.373-0.413-0.573-0.947-0.547-1.493s0.267-1.067 0.667-1.453c0.4-0.387 0.947-0.613 1.52-0.64s1.133 0.16 1.573 0.52l12.080 11.467 25.773-24.507c0.44-0.36 1-0.547 1.573-0.52s1.12 0.253 1.52 0.64c0.4 0.387 0.64 0.907 0.667 1.453s-0.173 1.080-0.547 1.493l0.027 0.027z\"\/>\r\n<\/svg>\n      <\/span>\n      <span class='bde-icon-list__text' >\n      Moins d'erreurs gr\u00e2ce \u00e0 des processus automatis\u00e9s\n      <\/span>\n              <\/div>\n      \n    <\/li>\n\n  \n              \n    <li>\n              <div class='bde-icon-list__item-wrapper'>\n      \n      <span class='bde-icon-list__icon'>\n        <svg xmlns=\"http:\/\/www.w3.org\/2000\/svg\" version=\"1.1\" width=\"47\" height=\"32\" viewBox=\"0 0 47 32\">\r\n<path d=\"M45.88 4.733l-27.387 26.027c-0.427 0.4-1 0.627-1.613 0.627s-1.187-0.227-1.613-0.627l-13.693-13.013c-0.373-0.413-0.573-0.947-0.547-1.493s0.267-1.067 0.667-1.453c0.4-0.387 0.947-0.613 1.52-0.64s1.133 0.16 1.573 0.52l12.080 11.467 25.773-24.507c0.44-0.36 1-0.547 1.573-0.52s1.12 0.253 1.52 0.64c0.4 0.387 0.64 0.907 0.667 1.453s-0.173 1.080-0.547 1.493l0.027 0.027z\"\/>\r\n<\/svg>\n      <\/span>\n      <span class='bde-icon-list__text' >\n      Flux de travail plus efficaces et gain de temps\n      <\/span>\n              <\/div>\n      \n    <\/li>\n\n  <\/ul>\n\n<\/div><div class=\"bde-button-2013-159 bde-button\">\n    \n                                    \n    \n    \n    \n    \n            \n                    \n            \n            \n\n    \n    \n    \n    \n    \n    <a class=\"breakdance-link button-atom button-atom--primary bde-button__button\" href=\"\/fr\/contact\/\" target=\"_self\" data-type=\"url\"  >\n\n    \n        <span class=\"button-atom__text\">Contactez-nous<\/span>\n\n        \n        \n                <\/a>\n\n    \n\n\n<\/div>\n<\/div><div class=\"bde-column-2013-143 bde-column\">\n  \n  \n\t\n\n\n\n<div class=\"bde-lottie-animation-2013-154 bde-lottie-animation\"><\/div>\n<\/div><\/div><\/div>\n<\/section><section id=\"logistique\" class=\"bde-section-2013-145 bde-section\">\n  \n  \n\t\n\n\n\n<div class=\"section-container\"><div class=\"bde-columns-2013-146 bde-columns\"><div class=\"bde-column-2013-147 bde-column\">\n  \n  \n\t\n\n\n\n<div class=\"bde-lottie-animation-2013-156 bde-lottie-animation\"><\/div>\n<\/div><div id=\"service-reparaturen\" class=\"bde-column-2013-149 bde-column\">\n  \n  \n\t\n\n\n\n<h2 class=\"bde-heading-2013-150 bde-heading\">\nLogistique\n<\/h2><div class=\"bde-text-2013-151 bde-text\">\nNous prenons en charge toute la logistique pour que vous puissiez vous concentrer sur vos missions principales. De la livraison rapide au stockage optimal \u2013 nous veillons \u00e0 ce que vos produits arrivent \u00e0 temps et en toute s\u00e9curit\u00e9.\n<\/div><div class=\"bde-icon-list-2013-152 bde-icon-list bde-icon-list--background\">\n<ul>\n  \n              \n    <li>\n              <div class='bde-icon-list__item-wrapper'>\n      \n      <span class='bde-icon-list__icon'>\n        <svg xmlns=\"http:\/\/www.w3.org\/2000\/svg\" version=\"1.1\" width=\"47\" height=\"32\" viewBox=\"0 0 47 32\">\r\n<path d=\"M45.88 4.733l-27.387 26.027c-0.427 0.4-1 0.627-1.613 0.627s-1.187-0.227-1.613-0.627l-13.693-13.013c-0.373-0.413-0.573-0.947-0.547-1.493s0.267-1.067 0.667-1.453c0.4-0.387 0.947-0.613 1.52-0.64s1.133 0.16 1.573 0.52l12.080 11.467 25.773-24.507c0.44-0.36 1-0.547 1.573-0.52s1.12 0.253 1.52 0.64c0.4 0.387 0.64 0.907 0.667 1.453s-0.173 1.080-0.547 1.493l0.027 0.027z\"\/>\r\n<\/svg>\n      <\/span>\n      <span class='bde-icon-list__text' >\n      Livraison ponctuelle et s\u00e9curis\u00e9e\n      <\/span>\n              <\/div>\n      \n    <\/li>\n\n  \n              \n    <li>\n              <div class='bde-icon-list__item-wrapper'>\n      \n      <span class='bde-icon-list__icon'>\n        <svg xmlns=\"http:\/\/www.w3.org\/2000\/svg\" version=\"1.1\" width=\"47\" height=\"32\" viewBox=\"0 0 47 32\">\r\n<path d=\"M45.88 4.733l-27.387 26.027c-0.427 0.4-1 0.627-1.613 0.627s-1.187-0.227-1.613-0.627l-13.693-13.013c-0.373-0.413-0.573-0.947-0.547-1.493s0.267-1.067 0.667-1.453c0.4-0.387 0.947-0.613 1.52-0.64s1.133 0.16 1.573 0.52l12.080 11.467 25.773-24.507c0.44-0.36 1-0.547 1.573-0.52s1.12 0.253 1.52 0.64c0.4 0.387 0.64 0.907 0.667 1.453s-0.173 1.080-0.547 1.493l0.027 0.027z\"\/>\r\n<\/svg>\n      <\/span>\n      <span class='bde-icon-list__text' >\n      Transport soigneux de vos appareils et mat\u00e9riaux\n      <\/span>\n              <\/div>\n      \n    <\/li>\n\n  \n              \n    <li>\n              <div class='bde-icon-list__item-wrapper'>\n      \n      <span class='bde-icon-list__icon'>\n        <svg xmlns=\"http:\/\/www.w3.org\/2000\/svg\" version=\"1.1\" width=\"47\" height=\"32\" viewBox=\"0 0 47 32\">\r\n<path d=\"M45.88 4.733l-27.387 26.027c-0.427 0.4-1 0.627-1.613 0.627s-1.187-0.227-1.613-0.627l-13.693-13.013c-0.373-0.413-0.573-0.947-0.547-1.493s0.267-1.067 0.667-1.453c0.4-0.387 0.947-0.613 1.52-0.64s1.133 0.16 1.573 0.52l12.080 11.467 25.773-24.507c0.44-0.36 1-0.547 1.573-0.52s1.12 0.253 1.52 0.64c0.4 0.387 0.64 0.907 0.667 1.453s-0.173 1.080-0.547 1.493l0.027 0.027z\"\/>\r\n<\/svg>\n      <\/span>\n      <span class='bde-icon-list__text' >\n      Moins de stress gr\u00e2ce \u00e0 un service complet\n      <\/span>\n              <\/div>\n      \n    <\/li>\n\n  <\/ul>\n\n<\/div><div class=\"bde-button-2013-160 bde-button\">\n    \n                                    \n    \n    \n    \n    \n            \n                    \n            \n            \n\n    \n    \n    \n    \n    \n    <a class=\"breakdance-link button-atom button-atom--primary bde-button__button\" href=\"\/fr\/contact\/\" target=\"_self\" data-type=\"url\"  >\n\n    \n        <span class=\"button-atom__text\">Contactez-nous<\/span>\n\n        \n        \n                <\/a>\n\n    \n\n\n<\/div>\n<\/div><\/div><\/div>\n<\/section><\/div>","protected":false},"excerpt":{"rendered":"<p>Services Restez inform\u00e9 des derniers produits, partenariats et d\u00e9veloppements de Pathotec AG. Nous vous informons&#8230;<\/p>\n","protected":false},"author":1,"featured_media":0,"parent":0,"menu_order":3,"comment_status":"closed","ping_status":"closed","template":"","meta":{"_acf_changed":false,"_breakdance_hide_in_design_set":false,"_breakdance_tags":"","footnotes":""},"class_list":["post-2013","page","type-page","status-publish","hentry"],"acf":[],"_links":{"self":[{"href":"https:\/\/pathotec.ch\/fr\/wp-json\/wp\/v2\/pages\/2013","targetHints":{"allow":["GET"]}}],"collection":[{"href":"https:\/\/pathotec.ch\/fr\/wp-json\/wp\/v2\/pages"}],"about":[{"href":"https:\/\/pathotec.ch\/fr\/wp-json\/wp\/v2\/types\/page"}],"author":[{"embeddable":true,"href":"https:\/\/pathotec.ch\/fr\/wp-json\/wp\/v2\/users\/1"}],"replies":[{"embeddable":true,"href":"https:\/\/pathotec.ch\/fr\/wp-json\/wp\/v2\/comments?post=2013"}],"version-history":[{"count":0,"href":"https:\/\/pathotec.ch\/fr\/wp-json\/wp\/v2\/pages\/2013\/revisions"}],"wp:attachment":[{"href":"https:\/\/pathotec.ch\/fr\/wp-json\/wp\/v2\/media?parent=2013"}],"curies":[{"name":"wp","href":"https:\/\/api.w.org\/{rel}","templated":true}]}}