{"id":2012,"date":"2024-11-20T19:30:23","date_gmt":"2024-11-20T18:30:23","guid":{"rendered":"https:\/\/pathotec.ch\/produits\/"},"modified":"2026-01-20T10:37:10","modified_gmt":"2026-01-20T09:37:10","slug":"produits","status":"publish","type":"page","link":"https:\/\/pathotec.ch\/fr\/produits\/","title":{"rendered":"Produits"},"content":{"rendered":"<div class='breakdance'><section class=\"bde-section-2012-131 bde-section\">\n              \n  \n  \n\t\n\n\n\n<div class=\"section-container\"><div class=\"bde-columns-2012-132 bde-columns\"><div class=\"bde-column-2012-133 bde-column\">\n  \n  \n\t\n\n\n\n\n<\/div><div class=\"bde-column-2012-135 bde-column\">\n  \n  \n\t\n\n\n\n<div class=\"bde-text-2012-136 bde-text\">\nNotre assortiment couvre tous les domaines essentiels pour les laboratoires de pathologie, les h\u00f4pitaux et les instituts de recherche. Dans tous ces domaines, nous vous offrons un large choix de produits s\u00e9lectionn\u00e9s.\n<\/div>\n<\/div><\/div><\/div>\n<\/section><\/div>","protected":false},"excerpt":{"rendered":"<p>Notre assortiment couvre tous les domaines essentiels pour les laboratoires de pathologie, les h\u00f4pitaux et&#8230;<\/p>\n","protected":false},"author":1,"featured_media":0,"parent":0,"menu_order":2,"comment_status":"closed","ping_status":"closed","template":"","meta":{"_acf_changed":false,"_breakdance_hide_in_design_set":false,"_breakdance_tags":"","footnotes":""},"class_list":["post-2012","page","type-page","status-publish","hentry"],"acf":[],"_links":{"self":[{"href":"https:\/\/pathotec.ch\/fr\/wp-json\/wp\/v2\/pages\/2012","targetHints":{"allow":["GET"]}}],"collection":[{"href":"https:\/\/pathotec.ch\/fr\/wp-json\/wp\/v2\/pages"}],"about":[{"href":"https:\/\/pathotec.ch\/fr\/wp-json\/wp\/v2\/types\/page"}],"author":[{"embeddable":true,"href":"https:\/\/pathotec.ch\/fr\/wp-json\/wp\/v2\/users\/1"}],"replies":[{"embeddable":true,"href":"https:\/\/pathotec.ch\/fr\/wp-json\/wp\/v2\/comments?post=2012"}],"version-history":[{"count":1,"href":"https:\/\/pathotec.ch\/fr\/wp-json\/wp\/v2\/pages\/2012\/revisions"}],"predecessor-version":[{"id":4669,"href":"https:\/\/pathotec.ch\/fr\/wp-json\/wp\/v2\/pages\/2012\/revisions\/4669"}],"wp:attachment":[{"href":"https:\/\/pathotec.ch\/fr\/wp-json\/wp\/v2\/media?parent=2012"}],"curies":[{"name":"wp","href":"https:\/\/api.w.org\/{rel}","templated":true}]}}