{"id":1995,"date":"2024-11-13T09:20:27","date_gmt":"2024-11-13T08:20:27","guid":{"rendered":"https:\/\/pathotec.ch\/demande-de-service\/"},"modified":"2024-12-06T09:35:20","modified_gmt":"2024-12-06T08:35:20","slug":"service-demande","status":"publish","type":"page","link":"https:\/\/pathotec.ch\/fr\/service-demande\/","title":{"rendered":"Demande de Service"},"content":{"rendered":"<div class='breakdance'><section class=\"bde-section-1995-133 bde-section\">\n              \n  \n  \n\t\n\n\n\n<div class=\"section-container\"><div class=\"bde-columns-1995-134 bde-columns\"><div class=\"bde-column-1995-135 bde-column\">\n  \n  \n\t\n\n\n\n<h1 class=\"bde-heading-1995-136 bde-heading\">\nDemande de service\n<\/h1>\n<\/div><div class=\"bde-column-1995-137 bde-column\">\n  \n  \n\t\n\n\n\n<div class=\"bde-text-1995-138 bde-text\">\nVous avez besoin d'aide ou d'une r\u00e9paration ? Envoyez-nous simplement votre demande de service via le formulaire \u2013 nous traiterons votre demande dans les plus brefs d\u00e9lais !\n<\/div>\n<\/div><\/div><\/div>\n<\/section><section class=\"bde-section-1995-128 bde-section\">\n  \n  \n\t\n\n\n\n<div class=\"section-container\"><div class=\"bde-form-builder-1995-132 bde-form-builder\">\n\n<form id=\"contact-form132\" class=\"breakdance-form breakdance-form--vertical\" data-options=\"{&quot;slug&quot;:&quot;custom&quot;,&quot;name&quot;:&quot;Contact Form&quot;,&quot;ajaxUrl&quot;:&quot;https:\\\/\\\/pathotec.ch\\\/wp-admin\\\/admin-ajax.php&quot;,&quot;clearOnSuccess&quot;:true,&quot;hideOnSuccess&quot;:false,&quot;successMessage&quot;:&quot;Merci pour votre demande. Nous allons l&#039;examiner et nous reviendrons vers vous rapidement.&quot;,&quot;errorMessage&quot;:&quot;Un probl\\u00e8me est survenu. Veuillez r\\u00e9essayer.&quot;,&quot;redirect&quot;:false,&quot;redirectUrl&quot;:&quot;&quot;,&quot;customJavaScript&quot;:&quot;&quot;,&quot;recaptcha&quot;:{&quot;key&quot;:&quot;&quot;,&quot;enabled&quot;:false},&quot;honeypot_enabled&quot;:false,&quot;popupsOnSuccess&quot;:[],&quot;popupsOnError&quot;:[]}\" data-steps=\"3\"  data-current-step=\"1\" >\n  \n  <div class=\"breakdance-form-stepper\">\n    <div class=\"breakdance-form-stepper__list\">\n                    <div class=\"breakdance-form-stepper__step\" data-stepper-step=\"1\">\n                <div class=\"breakdance-form-stepper__step-icon\">\n                                            <span>1<\/span>\n                                    <\/div>\n                                    <div class=\"breakdance-form-stepper__label\">Assistance<\/div>\n                            <\/div>\n            <div class=\"breakdance-form-stepper__separator\"><\/div>\n                    <div class=\"breakdance-form-stepper__step\" data-stepper-step=\"2\">\n                <div class=\"breakdance-form-stepper__step-icon\">\n                                            <span>2<\/span>\n                                    <\/div>\n                                    <div class=\"breakdance-form-stepper__label\">Appareil<\/div>\n                            <\/div>\n            <div class=\"breakdance-form-stepper__separator\"><\/div>\n                    <div class=\"breakdance-form-stepper__step\" data-stepper-step=\"3\">\n                <div class=\"breakdance-form-stepper__step-icon\">\n                                            <span>3<\/span>\n                                    <\/div>\n                                    <div class=\"breakdance-form-stepper__label\">Contact<\/div>\n                            <\/div>\n            <div class=\"breakdance-form-stepper__separator\"><\/div>\n            <\/div>\n<\/div>\n\n  \n<div class=\"breakdance-form-field breakdance-form-field--radio hidden-step\"  data-form-step=\"1\" >\n    \n    \n    \n      <fieldset role=\"radiogroup\"\n          aria-label=\"De quoi s'agit-il ?\"\n      >\n          <legend class=\"breakdance-form-field__label\">De quoi s'agit-il ?<\/legend>\n                <div class=\"breakdance-form-radio\">\n            <input\n                type=\"radio\"\n                name=\"fields[thema][]\"\n                value=\"Message d'erreur\"\n                id=\"thema-1\"\n                \n                \n                            >\n            <label class=\"breakdance-form-radio__text\" for=\"thema-1\">Message d'erreur<\/label>\n        <\/div>\n            <div class=\"breakdance-form-radio\">\n            <input\n                type=\"radio\"\n                name=\"fields[thema][]\"\n                value=\"crash\"\n                id=\"thema-2\"\n                \n                \n                            >\n            <label class=\"breakdance-form-radio__text\" for=\"thema-2\">Crash<\/label>\n        <\/div>\n            <div class=\"breakdance-form-radio\">\n            <input\n                type=\"radio\"\n                name=\"fields[thema][]\"\n                value=\"Autre\"\n                id=\"thema-3\"\n                \n                \n                            >\n            <label class=\"breakdance-form-radio__text\" for=\"thema-3\">Autre<\/label>\n        <\/div>\n      <\/fieldset>\n\n\n    \n    \n<\/div>\n\n\n<div class=\"breakdance-form-field breakdance-form-field--textarea hidden-step\"  data-form-step=\"1\" >\n    \n    \n            <label class=\"breakdance-form-field__label\" for=\"thema-beschreibung\">\n            Description<span class=\"breakdance-form-field__required\">*<\/span>\n        <\/label>\n    \n    <textarea\n    class=\"breakdance-form-field__input\"\n    id=\"thema-beschreibung\"\n    aria-describedby=\"thema-beschreibung\"\n    type=\"textarea\"\n    name=\"fields[thema-beschreibung]\"\n        placeholder=\"\"\n    required\n    >\n<\/textarea>\n\n\n    \n    \n<\/div>\n\n\n<div class=\"breakdance-form-field breakdance-form-field--radio hidden-step\"  data-form-step=\"1\" >\n    \n    \n    \n      <fieldset role=\"radiogroup\"\n          aria-label=\"L'appareil est-il hors service ?\"\n      >\n          <legend class=\"breakdance-form-field__label\">L'appareil est-il hors service ?<span class=\"breakdance-form-field__required\">*<\/span><\/legend>\n                <div class=\"breakdance-form-radio\">\n            <input\n                type=\"radio\"\n                name=\"fields[stillstand][]\"\n                value=\"Oui\"\n                id=\"stillstand-1\"\n                required\n                \n                            >\n            <label class=\"breakdance-form-radio__text\" for=\"stillstand-1\">Oui<\/label>\n        <\/div>\n            <div class=\"breakdance-form-radio\">\n            <input\n                type=\"radio\"\n                name=\"fields[stillstand][]\"\n                value=\"Non\"\n                id=\"stillstand-2\"\n                required\n                \n                            >\n            <label class=\"breakdance-form-radio__text\" for=\"stillstand-2\">Non<\/label>\n        <\/div>\n      <\/fieldset>\n\n\n    \n    \n<\/div>\n\n\n<div class=\"breakdance-form-field breakdance-form-field--file hidden-step\"  data-form-step=\"1\" >\n    \n    \n            <label class=\"breakdance-form-field__label\" for=\"upload\">\n            T\u00e9l\u00e9charger des photos\n        <\/label>\n    \n    <label for=\"upload\" class=\"breakdance-form-file-upload breakdance-form-file-upload--draggable\">\n\n            <span class=\"breakdance-form-dropzone\" tabindex=\"0\">\n            <svg class=\"breakdance-form-dropzone__icon\" width=\"48\" stroke=\"currentColor\" fill=\"none\" viewBox=\"0 0 48 48\" aria-hidden=\"true\">\n                <path d=\"M28 8H12a4 4 0 00-4 4v20m32-12v8m0 0v8a4 4 0 01-4 4H12a4 4 0 01-4-4v-4m32-4l-3.172-3.172a4 4 0 00-5.656 0L28 28M8 32l9.172-9.172a4 4 0 015.656 0L28 28m0 0l4 4m4-24h8m-4-4v8m-12 4h.02\" stroke-width=\"2\" stroke-linecap=\"round\" stroke-linejoin=\"round\"><\/path>\n            <\/svg>\n\n            <span class=\"breakdance-form-dropzone__title\">\n                <span>T\u00e9l\u00e9charger un fichier<\/span> ou faites glisser et d\u00e9posez.\n            <\/span>\n            <span class=\"breakdance-form-dropzone__accepts\">\n                            jusqu&#039;\u00e0 10MB\n            <\/span>\n        <\/span>\n    \n    <input\n        id=\"upload\"\n        name=\"fields[upload][]\"\n        type=\"file\"\n        class=\"breakdance-form-file-upload__input\"\n        accept=\"\"\n        multiple\n        \n                data-max-files=\"5\"\n        data-i18n-empty-text=\"Aucun fichier s\u00e9lectionn\u00e9\n\"\n        data-i18n-filled-text=\"%n files\"\n        data-i18n-error-text=\"Only %n file(s) allowed.\"\n    >\n<\/label>\n\n    <ul class=\"breakdance-form-files-list\"><\/ul>\n\n\n    \n    \n<\/div>\n\n\n<div class=\"breakdance-form-field breakdance-form-field--select hidden-step\"  data-form-step=\"2\" >\n    \n    \n            <label class=\"breakdance-form-field__label\" for=\"hersteller\">\n            Fabricant<span class=\"breakdance-form-field__required\">*<\/span>\n        <\/label>\n    \n    <select\n    class=\"breakdance-form-field__input\"\n    id=\"hersteller\"\n    name=\"fields[hersteller]\"\n    required\n    \n        >\n      <option value=\"\">S\u00e9lectionner<\/option>\n          <option value=\"cisionvision\" >Cisionvision<\/option>\n        <option value=\"dakewe\" >Dakewe<\/option>\n        <option value=\"KFBIO\" >KFBIO<\/option>\n        <option value=\"myr\" >Myr<\/option>\n        <option value=\"precipoint\" >Precipoint<\/option>\n        <option value=\"vistapath\" >Vistapath<\/option>\n        <option value=\"Autre Fabricant\" >Autre Fabricant<\/option>\n  <\/select>\n\n\n    \n    \n<\/div>\n\n\n<div class=\"breakdance-form-field breakdance-form-field--text hidden-step\"  data-form-step=\"2\" >\n    \n    \n            <label class=\"breakdance-form-field__label\" for=\"drjjth\">\n            Fabricant\n        <\/label>\n    \n    <input\n    class=\"breakdance-form-field__input\"\n    id=\"drjjth\"\n    aria-describedby=\"drjjth\"\n    type=\"text\"\n    name=\"fields[drjjth]\"\n    placeholder=\"\"\n    value=\"\"\n                data-conditional-field-id=\"hersteller\"\n            data-conditional-value=\"andere\"\n        data-conditional-operand=\"equals\"\n\n                \n        \n        \n    \n    \n    \n    \n>\n\n\n    \n    \n<\/div>\n\n\n<div class=\"breakdance-form-field breakdance-form-field--text hidden-step\"  data-form-step=\"2\" >\n    \n    \n            <label class=\"breakdance-form-field__label\" for=\"bezeichnung\">\n            Nom de l'appareil<span class=\"breakdance-form-field__required\">*<\/span>\n        <\/label>\n    \n    <input\n    class=\"breakdance-form-field__input\"\n    id=\"bezeichnung\"\n    aria-describedby=\"bezeichnung\"\n    type=\"text\"\n    name=\"fields[bezeichnung]\"\n    placeholder=\"\"\n    value=\"\"\n                \n        \n        \n    required\n    \n    \n    \n>\n\n\n    \n    \n<\/div>\n\n\n<div class=\"breakdance-form-field breakdance-form-field--text hidden-step\"  data-form-step=\"2\" >\n    \n    \n            <label class=\"breakdance-form-field__label\" for=\"seriennummer\">\n            Num\u00e9ro de s\u00e9rie<span class=\"breakdance-form-field__required\">*<\/span>\n        <\/label>\n    \n    <input\n    class=\"breakdance-form-field__input\"\n    id=\"seriennummer\"\n    aria-describedby=\"seriennummer\"\n    type=\"text\"\n    name=\"fields[seriennummer]\"\n    placeholder=\"\"\n    value=\"\"\n                \n        \n        \n    required\n    \n    \n    \n>\n\n\n    \n    \n<\/div>\n\n\n<div class=\"breakdance-form-field breakdance-form-field--text hidden-step\"  data-form-step=\"2\" >\n    \n    \n            <label class=\"breakdance-form-field__label\" for=\"jahrgang\">\n            Ann\u00e9e\n        <\/label>\n    \n    <input\n    class=\"breakdance-form-field__input\"\n    id=\"jahrgang\"\n    aria-describedby=\"jahrgang\"\n    type=\"text\"\n    name=\"fields[jahrgang]\"\n    placeholder=\"\"\n    value=\"\"\n                \n        \n        \n    \n    \n    \n    \n>\n\n\n    \n    \n<\/div>\n\n\n<div class=\"breakdance-form-field breakdance-form-field--text hidden-step\"  data-form-step=\"3\" >\n    \n    \n            <label class=\"breakdance-form-field__label\" for=\"vorname\">\n            Pr\u00e9nom<span class=\"breakdance-form-field__required\">*<\/span>\n        <\/label>\n    \n    <input\n    class=\"breakdance-form-field__input\"\n    id=\"vorname\"\n    aria-describedby=\"vorname\"\n    type=\"text\"\n    name=\"fields[vorname]\"\n    placeholder=\"\"\n    value=\"\"\n                \n        \n        \n    required\n    \n    \n    \n>\n\n\n    \n    \n<\/div>\n\n\n<div class=\"breakdance-form-field breakdance-form-field--text hidden-step\"  data-form-step=\"3\" >\n    \n    \n            <label class=\"breakdance-form-field__label\" for=\"name\">\n            Nom<span class=\"breakdance-form-field__required\">*<\/span>\n        <\/label>\n    \n    <input\n    class=\"breakdance-form-field__input\"\n    id=\"name\"\n    aria-describedby=\"name\"\n    type=\"text\"\n    name=\"fields[name]\"\n    placeholder=\"\"\n    value=\"\"\n                \n        \n        \n    required\n    \n    \n    \n>\n\n\n    \n    \n<\/div>\n\n\n<div class=\"breakdance-form-field breakdance-form-field--text hidden-step\"  data-form-step=\"3\" >\n    \n    \n            <label class=\"breakdance-form-field__label\" for=\"firma\">\n            Nom de l'entreprise\/institution<span class=\"breakdance-form-field__required\">*<\/span>\n        <\/label>\n    \n    <input\n    class=\"breakdance-form-field__input\"\n    id=\"firma\"\n    aria-describedby=\"firma\"\n    type=\"text\"\n    name=\"fields[firma]\"\n    placeholder=\"\"\n    value=\"\"\n                \n        \n        \n    required\n    \n    \n    \n>\n\n\n    \n    \n<\/div>\n\n\n<div class=\"breakdance-form-field breakdance-form-field--email hidden-step\"  data-form-step=\"3\" >\n    \n    \n            <label class=\"breakdance-form-field__label\" for=\"e-mail\">\n            Adresse e-mail<span class=\"breakdance-form-field__required\">*<\/span>\n        <\/label>\n    \n    <input\n    class=\"breakdance-form-field__input\"\n    id=\"e-mail\"\n    aria-describedby=\"e-mail\"\n    type=\"email\"\n    name=\"fields[e-mail]\"\n    placeholder=\"\"\n    value=\"\"\n                \n        \n        \n    required\n    \n    \n    \n>\n\n\n    \n    \n<\/div>\n\n\n<div class=\"breakdance-form-field breakdance-form-field--tel hidden-step\"  data-form-step=\"3\" >\n    \n    \n            <label class=\"breakdance-form-field__label\" for=\"telefonnummer\">\n            Num\u00e9ro de t\u00e9l\u00e9phone<span class=\"breakdance-form-field__required\">*<\/span>\n        <\/label>\n    \n    <input\n    class=\"breakdance-form-field__input\"\n    id=\"telefonnummer\"\n    aria-describedby=\"telefonnummer\"\n    type=\"tel\"\n    name=\"fields[telefonnummer]\"\n    placeholder=\"\"\n    value=\"\"\n                \n        \n        \n    required\n    \n    \n    \n>\n\n\n    \n    \n<\/div>\n\n\n  \n\n<div class=\"breakdance-form-field breakdance-form-footer\">\n            <div class=\"breakdance-form-field breakdance-form-field--step-buttons\" data-form-step=\"1\">\n            \n                                    \n    \n    \n    \n    \n            \n            <button type=\"button\" class=\"button-atom button-atom--secondary breakdance-form-button breakdance-form-button__previous-step hidden\"  >\n    \n        <span class=\"button-atom__text\">Retour<\/span>\n\n        \n        \n            <\/button>\n    \n            \n                                    \n    \n    \n    \n    \n            \n            <button type=\"button\" class=\"button-atom button-atom--primary breakdance-form-button breakdance-form-button__next-step hidden\"  >\n    \n        <span class=\"button-atom__text\">Suivant<\/span>\n\n        \n        \n            <\/button>\n    \n        <\/div>\n            <div class=\"breakdance-form-field breakdance-form-field--step-buttons\" data-form-step=\"2\">\n            \n                                    \n    \n    \n    \n    \n            \n            <button type=\"button\" class=\"button-atom button-atom--secondary breakdance-form-button breakdance-form-button__previous-step hidden\"  >\n    \n        <span class=\"button-atom__text\">Retour<\/span>\n\n        \n        \n            <\/button>\n    \n            \n                                    \n    \n    \n    \n    \n            \n            <button type=\"button\" class=\"button-atom button-atom--primary breakdance-form-button breakdance-form-button__next-step hidden\"  >\n    \n        <span class=\"button-atom__text\">Suivant<\/span>\n\n        \n        \n            <\/button>\n    \n        <\/div>\n            <div class=\"breakdance-form-field breakdance-form-field--step-buttons\" data-form-step=\"3\">\n            \n                                    \n    \n    \n    \n    \n            \n            <button type=\"button\" class=\"button-atom button-atom--secondary breakdance-form-button breakdance-form-button__previous-step hidden\"  >\n    \n        <span class=\"button-atom__text\">Retour<\/span>\n\n        \n        \n            <\/button>\n    \n            \n                                    \n    \n    \n    \n    \n            \n            <button type=\"button\" class=\"button-atom button-atom--primary breakdance-form-button breakdance-form-button__next-step hidden\"  >\n    \n        <span class=\"button-atom__text\">Suivant<\/span>\n\n        \n        \n            <\/button>\n    \n        <\/div>\n    \n    \n                                    \n    \n    \n    \n    \n            \n            <button type=\"submit\" class=\"button-atom button-atom--primary breakdance-form-button breakdance-form-button__submit\"  >\n    \n        <span class=\"button-atom__text\">Envoyer la demande<\/span>\n\n        \n        \n            <\/button>\n    \n    <input type=\"hidden\" name=\"form_id\" value=\"132\">\n    <input type=\"hidden\" name=\"post_id\" value=\"1995\">\n<\/div>\n\n  \n<\/form>\n\n\n<\/div><\/div>\n<\/section><\/div>","protected":false},"excerpt":{"rendered":"<p>Demande de service Vous avez besoin d&rsquo;aide ou d&rsquo;une r\u00e9paration ? Envoyez-nous simplement votre demande&#8230;<\/p>\n","protected":false},"author":1,"featured_media":0,"parent":0,"menu_order":30,"comment_status":"closed","ping_status":"closed","template":"","meta":{"_acf_changed":false,"_breakdance_hide_in_design_set":false,"_breakdance_tags":"","footnotes":""},"class_list":["post-1995","page","type-page","status-publish","hentry"],"acf":[],"_links":{"self":[{"href":"https:\/\/pathotec.ch\/fr\/wp-json\/wp\/v2\/pages\/1995","targetHints":{"allow":["GET"]}}],"collection":[{"href":"https:\/\/pathotec.ch\/fr\/wp-json\/wp\/v2\/pages"}],"about":[{"href":"https:\/\/pathotec.ch\/fr\/wp-json\/wp\/v2\/types\/page"}],"author":[{"embeddable":true,"href":"https:\/\/pathotec.ch\/fr\/wp-json\/wp\/v2\/users\/1"}],"replies":[{"embeddable":true,"href":"https:\/\/pathotec.ch\/fr\/wp-json\/wp\/v2\/comments?post=1995"}],"version-history":[{"count":0,"href":"https:\/\/pathotec.ch\/fr\/wp-json\/wp\/v2\/pages\/1995\/revisions"}],"wp:attachment":[{"href":"https:\/\/pathotec.ch\/fr\/wp-json\/wp\/v2\/media?parent=1995"}],"curies":[{"name":"wp","href":"https:\/\/api.w.org\/{rel}","templated":true}]}}